{"id":103630,"date":"2026-01-20T05:48:18","date_gmt":"2026-01-20T05:48:18","guid":{"rendered":"https:\/\/www.firstcorporation.it\/product\/caballete-articulado-liso-para-placa-romana-egeo\/"},"modified":"2026-01-22T07:55:16","modified_gmt":"2026-01-22T07:55:16","slug":"caballete-articulado-liso-para-placa-romana-egeo","status":"publish","type":"product","link":"https:\/\/www.firstcorporation.it\/es\/product\/caballete-articulado-liso-para-placa-romana-egeo\/","title":{"rendered":"Caballete articulado liso para placa Romana Egeo"},"content":{"rendered":"","protected":false},"excerpt":{"rendered":"<p>Est\u00e1 compuesto por dos elementos que permiten la uni\u00f3n entre las dos vertientes opuestas del tejado, que se unen en la l\u00ednea de cumbrera. El \u00e1ngulo es variable, desde 90\u00b0 hasta 170\u00b0.<\/p>\n","protected":false},"featured_media":0,"template":"","meta":{"_acf_changed":false,"inline_featured_image":false},"product_cat":[8013,8026,8012],"product_tag":[],"collezione":[8115],"acf":[],"yoast_head":"<!-- This site is optimized with the Yoast SEO plugin v22.9 - https:\/\/yoast.com\/wordpress\/plugins\/seo\/ -->\n<title>Caballete articulado liso para placa Romana Egeo | First Corporation<\/title>\n<meta name=\"robots\" content=\"index, follow, max-snippet:-1, max-image-preview:large, max-video-preview:-1\" \/>\n<link rel=\"canonical\" href=\"https:\/\/www.firstcorporation.it\/es\/product\/caballete-articulado-liso-para-placa-romana-egeo\/\" \/>\n<meta property=\"og:locale\" content=\"es_ES\" \/>\n<meta property=\"og:type\" content=\"article\" \/>\n<meta property=\"og:title\" content=\"Caballete articulado liso para placa Romana Egeo | First Corporation\" \/>\n<meta property=\"og:description\" content=\"Est\u00e1 compuesto por dos elementos que permiten la uni\u00f3n entre las dos vertientes opuestas del tejado, que se unen en la l\u00ednea de cumbrera. El \u00e1ngulo es variable, desde 90\u00b0 hasta 170\u00b0.\" \/>\n<meta property=\"og:url\" content=\"https:\/\/www.firstcorporation.it\/es\/product\/caballete-articulado-liso-para-placa-romana-egeo\/\" \/>\n<meta property=\"og:site_name\" content=\"First Corporation\" \/>\n<meta property=\"article:publisher\" content=\"https:\/\/www.facebook.com\/FirstSrl\" \/>\n<meta property=\"article:modified_time\" content=\"2026-01-22T07:55:16+00:00\" \/>\n<meta name=\"twitter:card\" content=\"summary_large_image\" \/>\n<script type=\"application\/ld+json\" class=\"yoast-schema-graph\">{\"@context\":\"https:\/\/schema.org\",\"@graph\":[{\"@type\":\"WebPage\",\"@id\":\"https:\/\/www.firstcorporation.it\/es\/product\/caballete-articulado-liso-para-placa-romana-egeo\/\",\"url\":\"https:\/\/www.firstcorporation.it\/es\/product\/caballete-articulado-liso-para-placa-romana-egeo\/\",\"name\":\"Caballete articulado liso para placa Romana Egeo | First Corporation\",\"isPartOf\":{\"@id\":\"https:\/\/www.firstcorporation.it\/#website\"},\"datePublished\":\"2026-01-20T05:48:18+00:00\",\"dateModified\":\"2026-01-22T07:55:16+00:00\",\"breadcrumb\":{\"@id\":\"https:\/\/www.firstcorporation.it\/es\/product\/caballete-articulado-liso-para-placa-romana-egeo\/#breadcrumb\"},\"inLanguage\":\"es\",\"potentialAction\":[{\"@type\":\"ReadAction\",\"target\":[\"https:\/\/www.firstcorporation.it\/es\/product\/caballete-articulado-liso-para-placa-romana-egeo\/\"]}]},{\"@type\":\"BreadcrumbList\",\"@id\":\"https:\/\/www.firstcorporation.it\/es\/product\/caballete-articulado-liso-para-placa-romana-egeo\/#breadcrumb\",\"itemListElement\":[{\"@type\":\"ListItem\",\"position\":1,\"name\":\"Home\",\"item\":\"https:\/\/www.firstcorporation.it\/\"},{\"@type\":\"ListItem\",\"position\":2,\"name\":\"Products\",\"item\":\"https:\/\/www.firstcorporation.com\/shop\/\"},{\"@type\":\"ListItem\",\"position\":3,\"name\":\"Caballete articulado liso para placa Romana Egeo\"}]},{\"@type\":\"WebSite\",\"@id\":\"https:\/\/www.firstcorporation.it\/#website\",\"url\":\"https:\/\/www.firstcorporation.it\/\",\"name\":\"First Corporation\",\"description\":\"Componenti plastici per l&#039;edilizia\",\"publisher\":{\"@id\":\"https:\/\/www.firstcorporation.it\/#organization\"},\"potentialAction\":[{\"@type\":\"SearchAction\",\"target\":{\"@type\":\"EntryPoint\",\"urlTemplate\":\"https:\/\/www.firstcorporation.it\/?s={search_term_string}\"},\"query-input\":\"required name=search_term_string\"}],\"inLanguage\":\"es\"},{\"@type\":\"Organization\",\"@id\":\"https:\/\/www.firstcorporation.it\/#organization\",\"name\":\"First Corporation\",\"alternateName\":\"First Corporation\",\"url\":\"https:\/\/www.firstcorporation.it\/\",\"logo\":{\"@type\":\"ImageObject\",\"inLanguage\":\"es\",\"@id\":\"https:\/\/www.firstcorporation.it\/#\/schema\/logo\/image\/\",\"url\":\"https:\/\/www.firstcorporation.it\/wp-content\/uploads\/2023\/11\/Screenshot-2023-11-28-alle-16.41.17.png\",\"contentUrl\":\"https:\/\/www.firstcorporation.it\/wp-content\/uploads\/2023\/11\/Screenshot-2023-11-28-alle-16.41.17.png\",\"width\":69,\"height\":69,\"caption\":\"First Corporation\"},\"image\":{\"@id\":\"https:\/\/www.firstcorporation.it\/#\/schema\/logo\/image\/\"},\"sameAs\":[\"https:\/\/www.facebook.com\/FirstSrl\",\"https:\/\/www.linkedin.com\/company\/first-corporation-s-r-l\",\"https:\/\/www.youtube.com\/channel\/UCi7Ykxn5yVRCz99G8mKVv7g\",\"https:\/\/www.instagram.com\/first_corporation_italy\/?hl=it\"]}]}<\/script>\n<!-- \/ Yoast SEO plugin. -->","yoast_head_json":{"title":"Caballete articulado liso para placa Romana Egeo | First Corporation","robots":{"index":"index","follow":"follow","max-snippet":"max-snippet:-1","max-image-preview":"max-image-preview:large","max-video-preview":"max-video-preview:-1"},"canonical":"https:\/\/www.firstcorporation.it\/es\/product\/caballete-articulado-liso-para-placa-romana-egeo\/","og_locale":"es_ES","og_type":"article","og_title":"Caballete articulado liso para placa Romana Egeo | First Corporation","og_description":"Est\u00e1 compuesto por dos elementos que permiten la uni\u00f3n entre las dos vertientes opuestas del tejado, que se unen en la l\u00ednea de cumbrera. El \u00e1ngulo es variable, desde 90\u00b0 hasta 170\u00b0.","og_url":"https:\/\/www.firstcorporation.it\/es\/product\/caballete-articulado-liso-para-placa-romana-egeo\/","og_site_name":"First Corporation","article_publisher":"https:\/\/www.facebook.com\/FirstSrl","article_modified_time":"2026-01-22T07:55:16+00:00","twitter_card":"summary_large_image","schema":{"@context":"https:\/\/schema.org","@graph":[{"@type":"WebPage","@id":"https:\/\/www.firstcorporation.it\/es\/product\/caballete-articulado-liso-para-placa-romana-egeo\/","url":"https:\/\/www.firstcorporation.it\/es\/product\/caballete-articulado-liso-para-placa-romana-egeo\/","name":"Caballete articulado liso para placa Romana Egeo | First Corporation","isPartOf":{"@id":"https:\/\/www.firstcorporation.it\/#website"},"datePublished":"2026-01-20T05:48:18+00:00","dateModified":"2026-01-22T07:55:16+00:00","breadcrumb":{"@id":"https:\/\/www.firstcorporation.it\/es\/product\/caballete-articulado-liso-para-placa-romana-egeo\/#breadcrumb"},"inLanguage":"es","potentialAction":[{"@type":"ReadAction","target":["https:\/\/www.firstcorporation.it\/es\/product\/caballete-articulado-liso-para-placa-romana-egeo\/"]}]},{"@type":"BreadcrumbList","@id":"https:\/\/www.firstcorporation.it\/es\/product\/caballete-articulado-liso-para-placa-romana-egeo\/#breadcrumb","itemListElement":[{"@type":"ListItem","position":1,"name":"Home","item":"https:\/\/www.firstcorporation.it\/"},{"@type":"ListItem","position":2,"name":"Products","item":"https:\/\/www.firstcorporation.com\/shop\/"},{"@type":"ListItem","position":3,"name":"Caballete articulado liso para placa Romana Egeo"}]},{"@type":"WebSite","@id":"https:\/\/www.firstcorporation.it\/#website","url":"https:\/\/www.firstcorporation.it\/","name":"First Corporation","description":"Componenti plastici per l&#039;edilizia","publisher":{"@id":"https:\/\/www.firstcorporation.it\/#organization"},"potentialAction":[{"@type":"SearchAction","target":{"@type":"EntryPoint","urlTemplate":"https:\/\/www.firstcorporation.it\/?s={search_term_string}"},"query-input":"required name=search_term_string"}],"inLanguage":"es"},{"@type":"Organization","@id":"https:\/\/www.firstcorporation.it\/#organization","name":"First Corporation","alternateName":"First Corporation","url":"https:\/\/www.firstcorporation.it\/","logo":{"@type":"ImageObject","inLanguage":"es","@id":"https:\/\/www.firstcorporation.it\/#\/schema\/logo\/image\/","url":"https:\/\/www.firstcorporation.it\/wp-content\/uploads\/2023\/11\/Screenshot-2023-11-28-alle-16.41.17.png","contentUrl":"https:\/\/www.firstcorporation.it\/wp-content\/uploads\/2023\/11\/Screenshot-2023-11-28-alle-16.41.17.png","width":69,"height":69,"caption":"First Corporation"},"image":{"@id":"https:\/\/www.firstcorporation.it\/#\/schema\/logo\/image\/"},"sameAs":["https:\/\/www.facebook.com\/FirstSrl","https:\/\/www.linkedin.com\/company\/first-corporation-s-r-l","https:\/\/www.youtube.com\/channel\/UCi7Ykxn5yVRCz99G8mKVv7g","https:\/\/www.instagram.com\/first_corporation_italy\/?hl=it"]}]}},"jetpack_sharing_enabled":true,"_links":{"self":[{"href":"https:\/\/www.firstcorporation.it\/es\/wp-json\/wp\/v2\/product\/103630"}],"collection":[{"href":"https:\/\/www.firstcorporation.it\/es\/wp-json\/wp\/v2\/product"}],"about":[{"href":"https:\/\/www.firstcorporation.it\/es\/wp-json\/wp\/v2\/types\/product"}],"wp:attachment":[{"href":"https:\/\/www.firstcorporation.it\/es\/wp-json\/wp\/v2\/media?parent=103630"}],"wp:term":[{"taxonomy":"product_cat","embeddable":true,"href":"https:\/\/www.firstcorporation.it\/es\/wp-json\/wp\/v2\/product_cat?post=103630"},{"taxonomy":"product_tag","embeddable":true,"href":"https:\/\/www.firstcorporation.it\/es\/wp-json\/wp\/v2\/product_tag?post=103630"},{"taxonomy":"collezione","embeddable":true,"href":"https:\/\/www.firstcorporation.it\/es\/wp-json\/wp\/v2\/collezione?post=103630"}],"curies":[{"name":"wp","href":"https:\/\/api.w.org\/{rel}","templated":true}]}}