{"id":103847,"date":"2026-01-20T05:51:14","date_gmt":"2026-01-20T05:51:14","guid":{"rendered":"https:\/\/www.firstcorporation.it\/product\/ventilador-con-recuperador-de-calor-v-eco100\/"},"modified":"2026-01-22T07:55:27","modified_gmt":"2026-01-22T07:55:27","slug":"ventilador-con-recuperador-de-calor-v-eco100","status":"publish","type":"product","link":"https:\/\/www.firstcorporation.it\/es\/product\/ventilador-con-recuperador-de-calor-v-eco100\/","title":{"rendered":"Ventilador con recuperador de calor V-ECO100"},"content":{"rendered":"","protected":false},"excerpt":{"rendered":"<p>V- ECO 100 es un ventilador con recuperaci\u00f3n de calor a doble fluido simultaneo id\u00f3neo para aplicaciones domesticas mono &#8211; ambiente. V- ECO 100 permite ventilar el aire en zonas sin perder calor manteniendo de esta forma un confort t\u00e9rmico en el interior de la habitaci\u00f3n. Aire interno expulsa el aire limpio que proviene del exterior, se recalienta en la turbina de salida. La tuber\u00eda ser\u00e1 inserida en el interior de un agujero en la pared di\u00e1metro 100 mm V-ECO puede ser instalado en todas las paredes utilizando un agujero ya existente sin trabajo ninguno o podemos acoplarlo al muro o embocadura.<\/p>\n","protected":false},"featured_media":35213,"template":"","meta":{"_acf_changed":false,"inline_featured_image":false},"product_cat":[8070,8066],"product_tag":[],"collezione":[8116],"acf":[],"yoast_head":"<!-- This site is optimized with the Yoast SEO plugin v22.9 - https:\/\/yoast.com\/wordpress\/plugins\/seo\/ -->\n<title>Ventilador con recuperador de calor V-ECO100 | First Corporation<\/title>\n<meta name=\"robots\" content=\"index, follow, max-snippet:-1, max-image-preview:large, max-video-preview:-1\" \/>\n<link rel=\"canonical\" href=\"https:\/\/www.firstcorporation.it\/es\/product\/ventilador-con-recuperador-de-calor-v-eco100\/\" \/>\n<meta property=\"og:locale\" content=\"es_ES\" \/>\n<meta property=\"og:type\" content=\"article\" \/>\n<meta property=\"og:title\" content=\"Ventilador con recuperador de calor V-ECO100 | First Corporation\" \/>\n<meta property=\"og:description\" content=\"V- ECO 100 es un ventilador con recuperaci\u00f3n de calor a doble fluido simultaneo id\u00f3neo para aplicaciones domesticas mono - ambiente. V- ECO 100 permite ventilar el aire en zonas sin perder calor manteniendo de esta forma un confort t\u00e9rmico en el interior de la habitaci\u00f3n. Aire interno expulsa el aire limpio que proviene del exterior, se recalienta en la turbina de salida. La tuber\u00eda ser\u00e1 inserida en el interior de un agujero en la pared di\u00e1metro 100 mm V-ECO puede ser instalado en todas las paredes utilizando un agujero ya existente sin trabajo ninguno o podemos acoplarlo al muro o embocadura.\" \/>\n<meta property=\"og:url\" content=\"https:\/\/www.firstcorporation.it\/es\/product\/ventilador-con-recuperador-de-calor-v-eco100\/\" \/>\n<meta property=\"og:site_name\" content=\"First Corporation\" \/>\n<meta property=\"article:publisher\" content=\"https:\/\/www.facebook.com\/FirstSrl\" \/>\n<meta property=\"article:modified_time\" content=\"2026-01-22T07:55:27+00:00\" \/>\n<meta name=\"twitter:card\" content=\"summary_large_image\" \/>\n<script type=\"application\/ld+json\" class=\"yoast-schema-graph\">{\"@context\":\"https:\/\/schema.org\",\"@graph\":[{\"@type\":\"WebPage\",\"@id\":\"https:\/\/www.firstcorporation.it\/es\/product\/ventilador-con-recuperador-de-calor-v-eco100\/\",\"url\":\"https:\/\/www.firstcorporation.it\/es\/product\/ventilador-con-recuperador-de-calor-v-eco100\/\",\"name\":\"Ventilador con recuperador de calor V-ECO100 | First Corporation\",\"isPartOf\":{\"@id\":\"https:\/\/www.firstcorporation.it\/#website\"},\"primaryImageOfPage\":{\"@id\":\"https:\/\/www.firstcorporation.it\/es\/product\/ventilador-con-recuperador-de-calor-v-eco100\/#primaryimage\"},\"image\":{\"@id\":\"https:\/\/www.firstcorporation.it\/es\/product\/ventilador-con-recuperador-de-calor-v-eco100\/#primaryimage\"},\"thumbnailUrl\":\"https:\/\/www.firstcorporation.it\/wp-content\/uploads\/2023\/12\/evo-100.jpg\",\"datePublished\":\"2026-01-20T05:51:14+00:00\",\"dateModified\":\"2026-01-22T07:55:27+00:00\",\"breadcrumb\":{\"@id\":\"https:\/\/www.firstcorporation.it\/es\/product\/ventilador-con-recuperador-de-calor-v-eco100\/#breadcrumb\"},\"inLanguage\":\"es\",\"potentialAction\":[{\"@type\":\"ReadAction\",\"target\":[\"https:\/\/www.firstcorporation.it\/es\/product\/ventilador-con-recuperador-de-calor-v-eco100\/\"]}]},{\"@type\":\"ImageObject\",\"inLanguage\":\"es\",\"@id\":\"https:\/\/www.firstcorporation.it\/es\/product\/ventilador-con-recuperador-de-calor-v-eco100\/#primaryimage\",\"url\":\"https:\/\/www.firstcorporation.it\/wp-content\/uploads\/2023\/12\/evo-100.jpg\",\"contentUrl\":\"https:\/\/www.firstcorporation.it\/wp-content\/uploads\/2023\/12\/evo-100.jpg\",\"width\":800,\"height\":719},{\"@type\":\"BreadcrumbList\",\"@id\":\"https:\/\/www.firstcorporation.it\/es\/product\/ventilador-con-recuperador-de-calor-v-eco100\/#breadcrumb\",\"itemListElement\":[{\"@type\":\"ListItem\",\"position\":1,\"name\":\"Home\",\"item\":\"https:\/\/www.firstcorporation.it\/\"},{\"@type\":\"ListItem\",\"position\":2,\"name\":\"Products\",\"item\":\"https:\/\/www.firstcorporation.com\/shop\/\"},{\"@type\":\"ListItem\",\"position\":3,\"name\":\"Ventilador con recuperador de calor V-ECO100\"}]},{\"@type\":\"WebSite\",\"@id\":\"https:\/\/www.firstcorporation.it\/#website\",\"url\":\"https:\/\/www.firstcorporation.it\/\",\"name\":\"First Corporation\",\"description\":\"Componenti plastici per l&#039;edilizia\",\"publisher\":{\"@id\":\"https:\/\/www.firstcorporation.it\/#organization\"},\"potentialAction\":[{\"@type\":\"SearchAction\",\"target\":{\"@type\":\"EntryPoint\",\"urlTemplate\":\"https:\/\/www.firstcorporation.it\/?s={search_term_string}\"},\"query-input\":\"required name=search_term_string\"}],\"inLanguage\":\"es\"},{\"@type\":\"Organization\",\"@id\":\"https:\/\/www.firstcorporation.it\/#organization\",\"name\":\"First Corporation\",\"alternateName\":\"First Corporation\",\"url\":\"https:\/\/www.firstcorporation.it\/\",\"logo\":{\"@type\":\"ImageObject\",\"inLanguage\":\"es\",\"@id\":\"https:\/\/www.firstcorporation.it\/#\/schema\/logo\/image\/\",\"url\":\"https:\/\/www.firstcorporation.it\/wp-content\/uploads\/2023\/11\/Screenshot-2023-11-28-alle-16.41.17.png\",\"contentUrl\":\"https:\/\/www.firstcorporation.it\/wp-content\/uploads\/2023\/11\/Screenshot-2023-11-28-alle-16.41.17.png\",\"width\":69,\"height\":69,\"caption\":\"First Corporation\"},\"image\":{\"@id\":\"https:\/\/www.firstcorporation.it\/#\/schema\/logo\/image\/\"},\"sameAs\":[\"https:\/\/www.facebook.com\/FirstSrl\",\"https:\/\/www.linkedin.com\/company\/first-corporation-s-r-l\",\"https:\/\/www.youtube.com\/channel\/UCi7Ykxn5yVRCz99G8mKVv7g\",\"https:\/\/www.instagram.com\/first_corporation_italy\/?hl=it\"]}]}<\/script>\n<!-- \/ Yoast SEO plugin. -->","yoast_head_json":{"title":"Ventilador con recuperador de calor V-ECO100 | First Corporation","robots":{"index":"index","follow":"follow","max-snippet":"max-snippet:-1","max-image-preview":"max-image-preview:large","max-video-preview":"max-video-preview:-1"},"canonical":"https:\/\/www.firstcorporation.it\/es\/product\/ventilador-con-recuperador-de-calor-v-eco100\/","og_locale":"es_ES","og_type":"article","og_title":"Ventilador con recuperador de calor V-ECO100 | First Corporation","og_description":"V- ECO 100 es un ventilador con recuperaci\u00f3n de calor a doble fluido simultaneo id\u00f3neo para aplicaciones domesticas mono - ambiente. V- ECO 100 permite ventilar el aire en zonas sin perder calor manteniendo de esta forma un confort t\u00e9rmico en el interior de la habitaci\u00f3n. Aire interno expulsa el aire limpio que proviene del exterior, se recalienta en la turbina de salida. La tuber\u00eda ser\u00e1 inserida en el interior de un agujero en la pared di\u00e1metro 100 mm V-ECO puede ser instalado en todas las paredes utilizando un agujero ya existente sin trabajo ninguno o podemos acoplarlo al muro o embocadura.","og_url":"https:\/\/www.firstcorporation.it\/es\/product\/ventilador-con-recuperador-de-calor-v-eco100\/","og_site_name":"First Corporation","article_publisher":"https:\/\/www.facebook.com\/FirstSrl","article_modified_time":"2026-01-22T07:55:27+00:00","twitter_card":"summary_large_image","schema":{"@context":"https:\/\/schema.org","@graph":[{"@type":"WebPage","@id":"https:\/\/www.firstcorporation.it\/es\/product\/ventilador-con-recuperador-de-calor-v-eco100\/","url":"https:\/\/www.firstcorporation.it\/es\/product\/ventilador-con-recuperador-de-calor-v-eco100\/","name":"Ventilador con recuperador de calor V-ECO100 | First Corporation","isPartOf":{"@id":"https:\/\/www.firstcorporation.it\/#website"},"primaryImageOfPage":{"@id":"https:\/\/www.firstcorporation.it\/es\/product\/ventilador-con-recuperador-de-calor-v-eco100\/#primaryimage"},"image":{"@id":"https:\/\/www.firstcorporation.it\/es\/product\/ventilador-con-recuperador-de-calor-v-eco100\/#primaryimage"},"thumbnailUrl":"https:\/\/www.firstcorporation.it\/wp-content\/uploads\/2023\/12\/evo-100.jpg","datePublished":"2026-01-20T05:51:14+00:00","dateModified":"2026-01-22T07:55:27+00:00","breadcrumb":{"@id":"https:\/\/www.firstcorporation.it\/es\/product\/ventilador-con-recuperador-de-calor-v-eco100\/#breadcrumb"},"inLanguage":"es","potentialAction":[{"@type":"ReadAction","target":["https:\/\/www.firstcorporation.it\/es\/product\/ventilador-con-recuperador-de-calor-v-eco100\/"]}]},{"@type":"ImageObject","inLanguage":"es","@id":"https:\/\/www.firstcorporation.it\/es\/product\/ventilador-con-recuperador-de-calor-v-eco100\/#primaryimage","url":"https:\/\/www.firstcorporation.it\/wp-content\/uploads\/2023\/12\/evo-100.jpg","contentUrl":"https:\/\/www.firstcorporation.it\/wp-content\/uploads\/2023\/12\/evo-100.jpg","width":800,"height":719},{"@type":"BreadcrumbList","@id":"https:\/\/www.firstcorporation.it\/es\/product\/ventilador-con-recuperador-de-calor-v-eco100\/#breadcrumb","itemListElement":[{"@type":"ListItem","position":1,"name":"Home","item":"https:\/\/www.firstcorporation.it\/"},{"@type":"ListItem","position":2,"name":"Products","item":"https:\/\/www.firstcorporation.com\/shop\/"},{"@type":"ListItem","position":3,"name":"Ventilador con recuperador de calor V-ECO100"}]},{"@type":"WebSite","@id":"https:\/\/www.firstcorporation.it\/#website","url":"https:\/\/www.firstcorporation.it\/","name":"First Corporation","description":"Componenti plastici per l&#039;edilizia","publisher":{"@id":"https:\/\/www.firstcorporation.it\/#organization"},"potentialAction":[{"@type":"SearchAction","target":{"@type":"EntryPoint","urlTemplate":"https:\/\/www.firstcorporation.it\/?s={search_term_string}"},"query-input":"required name=search_term_string"}],"inLanguage":"es"},{"@type":"Organization","@id":"https:\/\/www.firstcorporation.it\/#organization","name":"First Corporation","alternateName":"First Corporation","url":"https:\/\/www.firstcorporation.it\/","logo":{"@type":"ImageObject","inLanguage":"es","@id":"https:\/\/www.firstcorporation.it\/#\/schema\/logo\/image\/","url":"https:\/\/www.firstcorporation.it\/wp-content\/uploads\/2023\/11\/Screenshot-2023-11-28-alle-16.41.17.png","contentUrl":"https:\/\/www.firstcorporation.it\/wp-content\/uploads\/2023\/11\/Screenshot-2023-11-28-alle-16.41.17.png","width":69,"height":69,"caption":"First Corporation"},"image":{"@id":"https:\/\/www.firstcorporation.it\/#\/schema\/logo\/image\/"},"sameAs":["https:\/\/www.facebook.com\/FirstSrl","https:\/\/www.linkedin.com\/company\/first-corporation-s-r-l","https:\/\/www.youtube.com\/channel\/UCi7Ykxn5yVRCz99G8mKVv7g","https:\/\/www.instagram.com\/first_corporation_italy\/?hl=it"]}]}},"jetpack_sharing_enabled":true,"_links":{"self":[{"href":"https:\/\/www.firstcorporation.it\/es\/wp-json\/wp\/v2\/product\/103847"}],"collection":[{"href":"https:\/\/www.firstcorporation.it\/es\/wp-json\/wp\/v2\/product"}],"about":[{"href":"https:\/\/www.firstcorporation.it\/es\/wp-json\/wp\/v2\/types\/product"}],"wp:featuredmedia":[{"embeddable":true,"href":"https:\/\/www.firstcorporation.it\/es\/wp-json\/wp\/v2\/media\/35213"}],"wp:attachment":[{"href":"https:\/\/www.firstcorporation.it\/es\/wp-json\/wp\/v2\/media?parent=103847"}],"wp:term":[{"taxonomy":"product_cat","embeddable":true,"href":"https:\/\/www.firstcorporation.it\/es\/wp-json\/wp\/v2\/product_cat?post=103847"},{"taxonomy":"product_tag","embeddable":true,"href":"https:\/\/www.firstcorporation.it\/es\/wp-json\/wp\/v2\/product_tag?post=103847"},{"taxonomy":"collezione","embeddable":true,"href":"https:\/\/www.firstcorporation.it\/es\/wp-json\/wp\/v2\/collezione?post=103847"}],"curies":[{"name":"wp","href":"https:\/\/api.w.org\/{rel}","templated":true}]}}