{"id":103848,"date":"2026-01-20T05:51:14","date_gmt":"2026-01-20T05:51:14","guid":{"rendered":"https:\/\/www.firstcorporation.it\/product\/vmc-con-unidad-de-recuperacion-de-calor-entalpico-evo-eco\/"},"modified":"2026-01-22T07:55:27","modified_gmt":"2026-01-22T07:55:27","slug":"vmc-con-unidad-de-recuperacion-de-calor-entalpico-evo-eco","status":"publish","type":"product","link":"https:\/\/www.firstcorporation.it\/es\/product\/vmc-con-unidad-de-recuperacion-de-calor-entalpico-evo-eco\/","title":{"rendered":"VMC con unidad de recuperaci\u00f3n de calor ent\u00e1lpico EVO-ECO"},"content":{"rendered":"","protected":false},"excerpt":{"rendered":"<p>Las ventajas<br \/>\nAbrir las ventanas para cambiar el aire parece la soluci\u00f3n m\u00e1s simple pero no es la mejor: tambi\u00e9n el aire exterior est\u00e1 Ileno de part\u00edculas finas, smog, contaminantes, sobre todos en las ciudades. Todos estos componentes son problemas para las personas<br \/>\nal\u00e9rgicas y minusv\u00e1lido y puede agravar la calidad de vida.<br \/>\nEVOECO es un sistema desarrollado y ecol\u00f3gico de repuesto autom\u00e1tico del aire indoor que, gracias a la presencia de un doble filtro purificador, elimina p\u00f3lenes, polvos, aire consentidas y otras sustancias contaminantes renovando y purificando el aire en<br \/>\ncasa, eliminando la humedad y obstaculizando la formaci6n del moho. El sistema de recuperaci\u00f3n de calor a alta eficiencia permite de ahorrar sobre los costes de calefacci6n y refrigeraci\u00f3n, con un consumo el\u00e9ctrico m\u00ednimo: menos que 3 cent\u00e9simos al d\u00eda, acerca de 10 euros al a\u00f1o. Con una presion sonora de 18 solos dB, este sistema resulta silencioso y tambi\u00e9n es dotado con una funci6n nocturno \u00fatil en las habitaciones para no molestar durante las horas de descanso. Gracias por el design y tecnolog\u00eda \u201cMade in ltaly\u2019\u2019<br \/>\nEVOECO se puede instalar en cualquier habitaci\u00f3n de las viviendas, es muy simple y r\u00e1pido. Es necesario solamente hacer dos agujeros y una conexi\u00f3n el\u00e9ctrica.<br \/>\nEVOECO es muy f\u00e1cil de utilizar: la funci\u00f3n free-coling permite de refrescar el interno de la vivienda en las noches de verano o cuando hace calor sin consumo energ\u00e9tico, y siempre aire limpia gracias al nuestro filtro. El sensor higr\u00f3metro integrado analiza siempre el porcentaje de humedad en el aire y regula el funcionamiento del sistema en modo autom\u00e1tico, as\u00ed evita la formaci\u00f3n de moho y condensaci\u00f3n. Tambi\u00e9n el mantenimiento es muy simple: necesita solamente la sustituci\u00f3n del filtro cuando el led de aviso se enciende, sin ning\u00fan t\u00e9cnico. Con EVOECO el aire de la vivienda est\u00e1 siempre limpia y esto permite de vivir en un lugar saludable<br \/>\ny confortable, as\u00ed se puede desarrollar con mayor serenidad todas las actividades cotidianas y el sue\u00f1o nocturno se pone m\u00e1s relajante y agradable.<\/p>\n","protected":false},"featured_media":35215,"template":"","meta":{"_acf_changed":false,"inline_featured_image":false},"product_cat":[8070,8066],"product_tag":[],"collezione":[8116],"acf":[],"yoast_head":"<!-- This site is optimized with the Yoast SEO plugin v22.9 - https:\/\/yoast.com\/wordpress\/plugins\/seo\/ -->\n<title>VMC con unidad de recuperaci\u00f3n de calor ent\u00e1lpico EVO-ECO | First Corporation<\/title>\n<meta name=\"robots\" content=\"index, follow, max-snippet:-1, max-image-preview:large, max-video-preview:-1\" \/>\n<link rel=\"canonical\" href=\"https:\/\/www.firstcorporation.it\/es\/product\/vmc-con-unidad-de-recuperacion-de-calor-entalpico-evo-eco\/\" \/>\n<meta property=\"og:locale\" content=\"es_ES\" \/>\n<meta property=\"og:type\" content=\"article\" \/>\n<meta property=\"og:title\" content=\"VMC con unidad de recuperaci\u00f3n de calor ent\u00e1lpico EVO-ECO | First Corporation\" \/>\n<meta property=\"og:description\" content=\"Las ventajas Abrir las ventanas para cambiar el aire parece la soluci\u00f3n m\u00e1s simple pero no es la mejor: tambi\u00e9n el aire exterior est\u00e1 Ileno de part\u00edculas finas, smog, contaminantes, sobre todos en las ciudades. Todos estos componentes son problemas para las personas al\u00e9rgicas y minusv\u00e1lido y puede agravar la calidad de vida. EVOECO es un sistema desarrollado y ecol\u00f3gico de repuesto autom\u00e1tico del aire indoor que, gracias a la presencia de un doble filtro purificador, elimina p\u00f3lenes, polvos, aire consentidas y otras sustancias contaminantes renovando y purificando el aire en casa, eliminando la humedad y obstaculizando la formaci6n del moho. El sistema de recuperaci\u00f3n de calor a alta eficiencia permite de ahorrar sobre los costes de calefacci6n y refrigeraci\u00f3n, con un consumo el\u00e9ctrico m\u00ednimo: menos que 3 cent\u00e9simos al d\u00eda, acerca de 10 euros al a\u00f1o. Con una presion sonora de 18 solos dB, este sistema resulta silencioso y tambi\u00e9n es dotado con una funci6n nocturno \u00fatil en las habitaciones para no molestar durante las horas de descanso. Gracias por el design y tecnolog\u00eda \u201cMade in ltaly\u2019\u2019 EVOECO se puede instalar en cualquier habitaci\u00f3n de las viviendas, es muy simple y r\u00e1pido. Es necesario solamente hacer dos agujeros y una conexi\u00f3n el\u00e9ctrica. EVOECO es muy f\u00e1cil de utilizar: la funci\u00f3n free-coling permite de refrescar el interno de la vivienda en las noches de verano o cuando hace calor sin consumo energ\u00e9tico, y siempre aire limpia gracias al nuestro filtro. El sensor higr\u00f3metro integrado analiza siempre el porcentaje de humedad en el aire y regula el funcionamiento del sistema en modo autom\u00e1tico, as\u00ed evita la formaci\u00f3n de moho y condensaci\u00f3n. Tambi\u00e9n el mantenimiento es muy simple: necesita solamente la sustituci\u00f3n del filtro cuando el led de aviso se enciende, sin ning\u00fan t\u00e9cnico. Con EVOECO el aire de la vivienda est\u00e1 siempre limpia y esto permite de vivir en un lugar saludable y confortable, as\u00ed se puede desarrollar con mayor serenidad todas las actividades cotidianas y el sue\u00f1o nocturno se pone m\u00e1s relajante y agradable.\" \/>\n<meta property=\"og:url\" content=\"https:\/\/www.firstcorporation.it\/es\/product\/vmc-con-unidad-de-recuperacion-de-calor-entalpico-evo-eco\/\" \/>\n<meta property=\"og:site_name\" content=\"First Corporation\" \/>\n<meta property=\"article:publisher\" content=\"https:\/\/www.facebook.com\/FirstSrl\" \/>\n<meta property=\"article:modified_time\" content=\"2026-01-22T07:55:27+00:00\" \/>\n<meta name=\"twitter:card\" content=\"summary_large_image\" \/>\n<script type=\"application\/ld+json\" class=\"yoast-schema-graph\">{\"@context\":\"https:\/\/schema.org\",\"@graph\":[{\"@type\":\"WebPage\",\"@id\":\"https:\/\/www.firstcorporation.it\/es\/product\/vmc-con-unidad-de-recuperacion-de-calor-entalpico-evo-eco\/\",\"url\":\"https:\/\/www.firstcorporation.it\/es\/product\/vmc-con-unidad-de-recuperacion-de-calor-entalpico-evo-eco\/\",\"name\":\"VMC con unidad de recuperaci\u00f3n de calor ent\u00e1lpico EVO-ECO | First Corporation\",\"isPartOf\":{\"@id\":\"https:\/\/www.firstcorporation.it\/#website\"},\"primaryImageOfPage\":{\"@id\":\"https:\/\/www.firstcorporation.it\/es\/product\/vmc-con-unidad-de-recuperacion-de-calor-entalpico-evo-eco\/#primaryimage\"},\"image\":{\"@id\":\"https:\/\/www.firstcorporation.it\/es\/product\/vmc-con-unidad-de-recuperacion-de-calor-entalpico-evo-eco\/#primaryimage\"},\"thumbnailUrl\":\"https:\/\/www.firstcorporation.it\/wp-content\/uploads\/2023\/12\/evp-eco-1.jpg\",\"datePublished\":\"2026-01-20T05:51:14+00:00\",\"dateModified\":\"2026-01-22T07:55:27+00:00\",\"breadcrumb\":{\"@id\":\"https:\/\/www.firstcorporation.it\/es\/product\/vmc-con-unidad-de-recuperacion-de-calor-entalpico-evo-eco\/#breadcrumb\"},\"inLanguage\":\"es\",\"potentialAction\":[{\"@type\":\"ReadAction\",\"target\":[\"https:\/\/www.firstcorporation.it\/es\/product\/vmc-con-unidad-de-recuperacion-de-calor-entalpico-evo-eco\/\"]}]},{\"@type\":\"ImageObject\",\"inLanguage\":\"es\",\"@id\":\"https:\/\/www.firstcorporation.it\/es\/product\/vmc-con-unidad-de-recuperacion-de-calor-entalpico-evo-eco\/#primaryimage\",\"url\":\"https:\/\/www.firstcorporation.it\/wp-content\/uploads\/2023\/12\/evp-eco-1.jpg\",\"contentUrl\":\"https:\/\/www.firstcorporation.it\/wp-content\/uploads\/2023\/12\/evp-eco-1.jpg\",\"width\":800,\"height\":719},{\"@type\":\"BreadcrumbList\",\"@id\":\"https:\/\/www.firstcorporation.it\/es\/product\/vmc-con-unidad-de-recuperacion-de-calor-entalpico-evo-eco\/#breadcrumb\",\"itemListElement\":[{\"@type\":\"ListItem\",\"position\":1,\"name\":\"Home\",\"item\":\"https:\/\/www.firstcorporation.it\/\"},{\"@type\":\"ListItem\",\"position\":2,\"name\":\"Products\",\"item\":\"https:\/\/www.firstcorporation.com\/shop\/\"},{\"@type\":\"ListItem\",\"position\":3,\"name\":\"VMC con unidad de recuperaci\u00f3n de calor ent\u00e1lpico EVO-ECO\"}]},{\"@type\":\"WebSite\",\"@id\":\"https:\/\/www.firstcorporation.it\/#website\",\"url\":\"https:\/\/www.firstcorporation.it\/\",\"name\":\"First Corporation\",\"description\":\"Componenti plastici per l&#039;edilizia\",\"publisher\":{\"@id\":\"https:\/\/www.firstcorporation.it\/#organization\"},\"potentialAction\":[{\"@type\":\"SearchAction\",\"target\":{\"@type\":\"EntryPoint\",\"urlTemplate\":\"https:\/\/www.firstcorporation.it\/?s={search_term_string}\"},\"query-input\":\"required name=search_term_string\"}],\"inLanguage\":\"es\"},{\"@type\":\"Organization\",\"@id\":\"https:\/\/www.firstcorporation.it\/#organization\",\"name\":\"First Corporation\",\"alternateName\":\"First Corporation\",\"url\":\"https:\/\/www.firstcorporation.it\/\",\"logo\":{\"@type\":\"ImageObject\",\"inLanguage\":\"es\",\"@id\":\"https:\/\/www.firstcorporation.it\/#\/schema\/logo\/image\/\",\"url\":\"https:\/\/www.firstcorporation.it\/wp-content\/uploads\/2023\/11\/Screenshot-2023-11-28-alle-16.41.17.png\",\"contentUrl\":\"https:\/\/www.firstcorporation.it\/wp-content\/uploads\/2023\/11\/Screenshot-2023-11-28-alle-16.41.17.png\",\"width\":69,\"height\":69,\"caption\":\"First Corporation\"},\"image\":{\"@id\":\"https:\/\/www.firstcorporation.it\/#\/schema\/logo\/image\/\"},\"sameAs\":[\"https:\/\/www.facebook.com\/FirstSrl\",\"https:\/\/www.linkedin.com\/company\/first-corporation-s-r-l\",\"https:\/\/www.youtube.com\/channel\/UCi7Ykxn5yVRCz99G8mKVv7g\",\"https:\/\/www.instagram.com\/first_corporation_italy\/?hl=it\"]}]}<\/script>\n<!-- \/ Yoast SEO plugin. -->","yoast_head_json":{"title":"VMC con unidad de recuperaci\u00f3n de calor ent\u00e1lpico EVO-ECO | First Corporation","robots":{"index":"index","follow":"follow","max-snippet":"max-snippet:-1","max-image-preview":"max-image-preview:large","max-video-preview":"max-video-preview:-1"},"canonical":"https:\/\/www.firstcorporation.it\/es\/product\/vmc-con-unidad-de-recuperacion-de-calor-entalpico-evo-eco\/","og_locale":"es_ES","og_type":"article","og_title":"VMC con unidad de recuperaci\u00f3n de calor ent\u00e1lpico EVO-ECO | First Corporation","og_description":"Las ventajas Abrir las ventanas para cambiar el aire parece la soluci\u00f3n m\u00e1s simple pero no es la mejor: tambi\u00e9n el aire exterior est\u00e1 Ileno de part\u00edculas finas, smog, contaminantes, sobre todos en las ciudades. Todos estos componentes son problemas para las personas al\u00e9rgicas y minusv\u00e1lido y puede agravar la calidad de vida. EVOECO es un sistema desarrollado y ecol\u00f3gico de repuesto autom\u00e1tico del aire indoor que, gracias a la presencia de un doble filtro purificador, elimina p\u00f3lenes, polvos, aire consentidas y otras sustancias contaminantes renovando y purificando el aire en casa, eliminando la humedad y obstaculizando la formaci6n del moho. El sistema de recuperaci\u00f3n de calor a alta eficiencia permite de ahorrar sobre los costes de calefacci6n y refrigeraci\u00f3n, con un consumo el\u00e9ctrico m\u00ednimo: menos que 3 cent\u00e9simos al d\u00eda, acerca de 10 euros al a\u00f1o. Con una presion sonora de 18 solos dB, este sistema resulta silencioso y tambi\u00e9n es dotado con una funci6n nocturno \u00fatil en las habitaciones para no molestar durante las horas de descanso. Gracias por el design y tecnolog\u00eda \u201cMade in ltaly\u2019\u2019 EVOECO se puede instalar en cualquier habitaci\u00f3n de las viviendas, es muy simple y r\u00e1pido. Es necesario solamente hacer dos agujeros y una conexi\u00f3n el\u00e9ctrica. EVOECO es muy f\u00e1cil de utilizar: la funci\u00f3n free-coling permite de refrescar el interno de la vivienda en las noches de verano o cuando hace calor sin consumo energ\u00e9tico, y siempre aire limpia gracias al nuestro filtro. El sensor higr\u00f3metro integrado analiza siempre el porcentaje de humedad en el aire y regula el funcionamiento del sistema en modo autom\u00e1tico, as\u00ed evita la formaci\u00f3n de moho y condensaci\u00f3n. Tambi\u00e9n el mantenimiento es muy simple: necesita solamente la sustituci\u00f3n del filtro cuando el led de aviso se enciende, sin ning\u00fan t\u00e9cnico. Con EVOECO el aire de la vivienda est\u00e1 siempre limpia y esto permite de vivir en un lugar saludable y confortable, as\u00ed se puede desarrollar con mayor serenidad todas las actividades cotidianas y el sue\u00f1o nocturno se pone m\u00e1s relajante y agradable.","og_url":"https:\/\/www.firstcorporation.it\/es\/product\/vmc-con-unidad-de-recuperacion-de-calor-entalpico-evo-eco\/","og_site_name":"First Corporation","article_publisher":"https:\/\/www.facebook.com\/FirstSrl","article_modified_time":"2026-01-22T07:55:27+00:00","twitter_card":"summary_large_image","schema":{"@context":"https:\/\/schema.org","@graph":[{"@type":"WebPage","@id":"https:\/\/www.firstcorporation.it\/es\/product\/vmc-con-unidad-de-recuperacion-de-calor-entalpico-evo-eco\/","url":"https:\/\/www.firstcorporation.it\/es\/product\/vmc-con-unidad-de-recuperacion-de-calor-entalpico-evo-eco\/","name":"VMC con unidad de recuperaci\u00f3n de calor ent\u00e1lpico EVO-ECO | First Corporation","isPartOf":{"@id":"https:\/\/www.firstcorporation.it\/#website"},"primaryImageOfPage":{"@id":"https:\/\/www.firstcorporation.it\/es\/product\/vmc-con-unidad-de-recuperacion-de-calor-entalpico-evo-eco\/#primaryimage"},"image":{"@id":"https:\/\/www.firstcorporation.it\/es\/product\/vmc-con-unidad-de-recuperacion-de-calor-entalpico-evo-eco\/#primaryimage"},"thumbnailUrl":"https:\/\/www.firstcorporation.it\/wp-content\/uploads\/2023\/12\/evp-eco-1.jpg","datePublished":"2026-01-20T05:51:14+00:00","dateModified":"2026-01-22T07:55:27+00:00","breadcrumb":{"@id":"https:\/\/www.firstcorporation.it\/es\/product\/vmc-con-unidad-de-recuperacion-de-calor-entalpico-evo-eco\/#breadcrumb"},"inLanguage":"es","potentialAction":[{"@type":"ReadAction","target":["https:\/\/www.firstcorporation.it\/es\/product\/vmc-con-unidad-de-recuperacion-de-calor-entalpico-evo-eco\/"]}]},{"@type":"ImageObject","inLanguage":"es","@id":"https:\/\/www.firstcorporation.it\/es\/product\/vmc-con-unidad-de-recuperacion-de-calor-entalpico-evo-eco\/#primaryimage","url":"https:\/\/www.firstcorporation.it\/wp-content\/uploads\/2023\/12\/evp-eco-1.jpg","contentUrl":"https:\/\/www.firstcorporation.it\/wp-content\/uploads\/2023\/12\/evp-eco-1.jpg","width":800,"height":719},{"@type":"BreadcrumbList","@id":"https:\/\/www.firstcorporation.it\/es\/product\/vmc-con-unidad-de-recuperacion-de-calor-entalpico-evo-eco\/#breadcrumb","itemListElement":[{"@type":"ListItem","position":1,"name":"Home","item":"https:\/\/www.firstcorporation.it\/"},{"@type":"ListItem","position":2,"name":"Products","item":"https:\/\/www.firstcorporation.com\/shop\/"},{"@type":"ListItem","position":3,"name":"VMC con unidad de recuperaci\u00f3n de calor ent\u00e1lpico EVO-ECO"}]},{"@type":"WebSite","@id":"https:\/\/www.firstcorporation.it\/#website","url":"https:\/\/www.firstcorporation.it\/","name":"First Corporation","description":"Componenti plastici per l&#039;edilizia","publisher":{"@id":"https:\/\/www.firstcorporation.it\/#organization"},"potentialAction":[{"@type":"SearchAction","target":{"@type":"EntryPoint","urlTemplate":"https:\/\/www.firstcorporation.it\/?s={search_term_string}"},"query-input":"required name=search_term_string"}],"inLanguage":"es"},{"@type":"Organization","@id":"https:\/\/www.firstcorporation.it\/#organization","name":"First Corporation","alternateName":"First Corporation","url":"https:\/\/www.firstcorporation.it\/","logo":{"@type":"ImageObject","inLanguage":"es","@id":"https:\/\/www.firstcorporation.it\/#\/schema\/logo\/image\/","url":"https:\/\/www.firstcorporation.it\/wp-content\/uploads\/2023\/11\/Screenshot-2023-11-28-alle-16.41.17.png","contentUrl":"https:\/\/www.firstcorporation.it\/wp-content\/uploads\/2023\/11\/Screenshot-2023-11-28-alle-16.41.17.png","width":69,"height":69,"caption":"First Corporation"},"image":{"@id":"https:\/\/www.firstcorporation.it\/#\/schema\/logo\/image\/"},"sameAs":["https:\/\/www.facebook.com\/FirstSrl","https:\/\/www.linkedin.com\/company\/first-corporation-s-r-l","https:\/\/www.youtube.com\/channel\/UCi7Ykxn5yVRCz99G8mKVv7g","https:\/\/www.instagram.com\/first_corporation_italy\/?hl=it"]}]}},"jetpack_sharing_enabled":true,"_links":{"self":[{"href":"https:\/\/www.firstcorporation.it\/es\/wp-json\/wp\/v2\/product\/103848"}],"collection":[{"href":"https:\/\/www.firstcorporation.it\/es\/wp-json\/wp\/v2\/product"}],"about":[{"href":"https:\/\/www.firstcorporation.it\/es\/wp-json\/wp\/v2\/types\/product"}],"wp:featuredmedia":[{"embeddable":true,"href":"https:\/\/www.firstcorporation.it\/es\/wp-json\/wp\/v2\/media\/35215"}],"wp:attachment":[{"href":"https:\/\/www.firstcorporation.it\/es\/wp-json\/wp\/v2\/media?parent=103848"}],"wp:term":[{"taxonomy":"product_cat","embeddable":true,"href":"https:\/\/www.firstcorporation.it\/es\/wp-json\/wp\/v2\/product_cat?post=103848"},{"taxonomy":"product_tag","embeddable":true,"href":"https:\/\/www.firstcorporation.it\/es\/wp-json\/wp\/v2\/product_tag?post=103848"},{"taxonomy":"collezione","embeddable":true,"href":"https:\/\/www.firstcorporation.it\/es\/wp-json\/wp\/v2\/collezione?post=103848"}],"curies":[{"name":"wp","href":"https:\/\/api.w.org\/{rel}","templated":true}]}}