{"id":103896,"date":"2026-01-20T05:51:56","date_gmt":"2026-01-20T05:51:56","guid":{"rendered":"https:\/\/www.firstcorporation.it\/product\/rejillas-de-ventanas-con-lamas-ajustables\/"},"modified":"2026-01-22T07:55:29","modified_gmt":"2026-01-22T07:55:29","slug":"rejillas-de-ventanas-con-lamas-ajustables","status":"publish","type":"product","link":"https:\/\/www.firstcorporation.it\/es\/product\/rejillas-de-ventanas-con-lamas-ajustables\/","title":{"rendered":"Rejillas de ventanas con lamas ajustables"},"content":{"rendered":"","protected":false},"excerpt":{"rendered":"<p>La falta de una ventilaci\u00f3n eficiente provoca una elevada humedad en las habitaciones, con el consiguiente desarrollo de hongos y<br \/>\nmohos antiest\u00e9ticos y nocivos. Todos aquellos que deseen cuidarse y su seguridad deben instalar siempre sistemas de ventilaci\u00f3n. El uso<br \/>\nde rejillas para ventanas, de hecho, no solo permite un intercambio continuo de aire, sino que tambi\u00e9n minimiza el riesgo de intoxicaci\u00f3n por mon\u00f3xido de carbono.<\/p>\n","protected":false},"featured_media":35720,"template":"","meta":{"_acf_changed":false,"inline_featured_image":false},"product_cat":[8054,8017,8062],"product_tag":[],"collezione":[8116],"acf":[],"yoast_head":"<!-- This site is optimized with the Yoast SEO plugin v22.9 - https:\/\/yoast.com\/wordpress\/plugins\/seo\/ -->\n<title>Rejillas de ventanas con lamas ajustables | First Corporation<\/title>\n<meta name=\"robots\" content=\"index, follow, max-snippet:-1, max-image-preview:large, max-video-preview:-1\" \/>\n<link rel=\"canonical\" href=\"https:\/\/www.firstcorporation.it\/es\/product\/rejillas-de-ventanas-con-lamas-ajustables\/\" \/>\n<meta property=\"og:locale\" content=\"es_ES\" \/>\n<meta property=\"og:type\" content=\"article\" \/>\n<meta property=\"og:title\" content=\"Rejillas de ventanas con lamas ajustables | First Corporation\" \/>\n<meta property=\"og:description\" content=\"La falta de una ventilaci\u00f3n eficiente provoca una elevada humedad en las habitaciones, con el consiguiente desarrollo de hongos y mohos antiest\u00e9ticos y nocivos. Todos aquellos que deseen cuidarse y su seguridad deben instalar siempre sistemas de ventilaci\u00f3n. El uso de rejillas para ventanas, de hecho, no solo permite un intercambio continuo de aire, sino que tambi\u00e9n minimiza el riesgo de intoxicaci\u00f3n por mon\u00f3xido de carbono.\" \/>\n<meta property=\"og:url\" content=\"https:\/\/www.firstcorporation.it\/es\/product\/rejillas-de-ventanas-con-lamas-ajustables\/\" \/>\n<meta property=\"og:site_name\" content=\"First Corporation\" \/>\n<meta property=\"article:publisher\" content=\"https:\/\/www.facebook.com\/FirstSrl\" \/>\n<meta property=\"article:modified_time\" content=\"2026-01-22T07:55:29+00:00\" \/>\n<meta name=\"twitter:card\" content=\"summary_large_image\" \/>\n<script type=\"application\/ld+json\" class=\"yoast-schema-graph\">{\"@context\":\"https:\/\/schema.org\",\"@graph\":[{\"@type\":\"WebPage\",\"@id\":\"https:\/\/www.firstcorporation.it\/es\/product\/rejillas-de-ventanas-con-lamas-ajustables\/\",\"url\":\"https:\/\/www.firstcorporation.it\/es\/product\/rejillas-de-ventanas-con-lamas-ajustables\/\",\"name\":\"Rejillas de ventanas con lamas ajustables | First Corporation\",\"isPartOf\":{\"@id\":\"https:\/\/www.firstcorporation.it\/#website\"},\"primaryImageOfPage\":{\"@id\":\"https:\/\/www.firstcorporation.it\/es\/product\/rejillas-de-ventanas-con-lamas-ajustables\/#primaryimage\"},\"image\":{\"@id\":\"https:\/\/www.firstcorporation.it\/es\/product\/rejillas-de-ventanas-con-lamas-ajustables\/#primaryimage\"},\"thumbnailUrl\":\"https:\/\/www.firstcorporation.it\/wp-content\/uploads\/2023\/12\/F8N305B.jpg\",\"datePublished\":\"2026-01-20T05:51:56+00:00\",\"dateModified\":\"2026-01-22T07:55:29+00:00\",\"breadcrumb\":{\"@id\":\"https:\/\/www.firstcorporation.it\/es\/product\/rejillas-de-ventanas-con-lamas-ajustables\/#breadcrumb\"},\"inLanguage\":\"es\",\"potentialAction\":[{\"@type\":\"ReadAction\",\"target\":[\"https:\/\/www.firstcorporation.it\/es\/product\/rejillas-de-ventanas-con-lamas-ajustables\/\"]}]},{\"@type\":\"ImageObject\",\"inLanguage\":\"es\",\"@id\":\"https:\/\/www.firstcorporation.it\/es\/product\/rejillas-de-ventanas-con-lamas-ajustables\/#primaryimage\",\"url\":\"https:\/\/www.firstcorporation.it\/wp-content\/uploads\/2023\/12\/F8N305B.jpg\",\"contentUrl\":\"https:\/\/www.firstcorporation.it\/wp-content\/uploads\/2023\/12\/F8N305B.jpg\",\"width\":800,\"height\":719},{\"@type\":\"BreadcrumbList\",\"@id\":\"https:\/\/www.firstcorporation.it\/es\/product\/rejillas-de-ventanas-con-lamas-ajustables\/#breadcrumb\",\"itemListElement\":[{\"@type\":\"ListItem\",\"position\":1,\"name\":\"Home\",\"item\":\"https:\/\/www.firstcorporation.it\/\"},{\"@type\":\"ListItem\",\"position\":2,\"name\":\"Products\",\"item\":\"https:\/\/www.firstcorporation.com\/shop\/\"},{\"@type\":\"ListItem\",\"position\":3,\"name\":\"Rejillas de ventanas con lamas ajustables\"}]},{\"@type\":\"WebSite\",\"@id\":\"https:\/\/www.firstcorporation.it\/#website\",\"url\":\"https:\/\/www.firstcorporation.it\/\",\"name\":\"First Corporation\",\"description\":\"Componenti plastici per l&#039;edilizia\",\"publisher\":{\"@id\":\"https:\/\/www.firstcorporation.it\/#organization\"},\"potentialAction\":[{\"@type\":\"SearchAction\",\"target\":{\"@type\":\"EntryPoint\",\"urlTemplate\":\"https:\/\/www.firstcorporation.it\/?s={search_term_string}\"},\"query-input\":\"required name=search_term_string\"}],\"inLanguage\":\"es\"},{\"@type\":\"Organization\",\"@id\":\"https:\/\/www.firstcorporation.it\/#organization\",\"name\":\"First Corporation\",\"alternateName\":\"First Corporation\",\"url\":\"https:\/\/www.firstcorporation.it\/\",\"logo\":{\"@type\":\"ImageObject\",\"inLanguage\":\"es\",\"@id\":\"https:\/\/www.firstcorporation.it\/#\/schema\/logo\/image\/\",\"url\":\"https:\/\/www.firstcorporation.it\/wp-content\/uploads\/2023\/11\/Screenshot-2023-11-28-alle-16.41.17.png\",\"contentUrl\":\"https:\/\/www.firstcorporation.it\/wp-content\/uploads\/2023\/11\/Screenshot-2023-11-28-alle-16.41.17.png\",\"width\":69,\"height\":69,\"caption\":\"First Corporation\"},\"image\":{\"@id\":\"https:\/\/www.firstcorporation.it\/#\/schema\/logo\/image\/\"},\"sameAs\":[\"https:\/\/www.facebook.com\/FirstSrl\",\"https:\/\/www.linkedin.com\/company\/first-corporation-s-r-l\",\"https:\/\/www.youtube.com\/channel\/UCi7Ykxn5yVRCz99G8mKVv7g\",\"https:\/\/www.instagram.com\/first_corporation_italy\/?hl=it\"]}]}<\/script>\n<!-- \/ Yoast SEO plugin. -->","yoast_head_json":{"title":"Rejillas de ventanas con lamas ajustables | First Corporation","robots":{"index":"index","follow":"follow","max-snippet":"max-snippet:-1","max-image-preview":"max-image-preview:large","max-video-preview":"max-video-preview:-1"},"canonical":"https:\/\/www.firstcorporation.it\/es\/product\/rejillas-de-ventanas-con-lamas-ajustables\/","og_locale":"es_ES","og_type":"article","og_title":"Rejillas de ventanas con lamas ajustables | First Corporation","og_description":"La falta de una ventilaci\u00f3n eficiente provoca una elevada humedad en las habitaciones, con el consiguiente desarrollo de hongos y mohos antiest\u00e9ticos y nocivos. Todos aquellos que deseen cuidarse y su seguridad deben instalar siempre sistemas de ventilaci\u00f3n. El uso de rejillas para ventanas, de hecho, no solo permite un intercambio continuo de aire, sino que tambi\u00e9n minimiza el riesgo de intoxicaci\u00f3n por mon\u00f3xido de carbono.","og_url":"https:\/\/www.firstcorporation.it\/es\/product\/rejillas-de-ventanas-con-lamas-ajustables\/","og_site_name":"First Corporation","article_publisher":"https:\/\/www.facebook.com\/FirstSrl","article_modified_time":"2026-01-22T07:55:29+00:00","twitter_card":"summary_large_image","schema":{"@context":"https:\/\/schema.org","@graph":[{"@type":"WebPage","@id":"https:\/\/www.firstcorporation.it\/es\/product\/rejillas-de-ventanas-con-lamas-ajustables\/","url":"https:\/\/www.firstcorporation.it\/es\/product\/rejillas-de-ventanas-con-lamas-ajustables\/","name":"Rejillas de ventanas con lamas ajustables | First Corporation","isPartOf":{"@id":"https:\/\/www.firstcorporation.it\/#website"},"primaryImageOfPage":{"@id":"https:\/\/www.firstcorporation.it\/es\/product\/rejillas-de-ventanas-con-lamas-ajustables\/#primaryimage"},"image":{"@id":"https:\/\/www.firstcorporation.it\/es\/product\/rejillas-de-ventanas-con-lamas-ajustables\/#primaryimage"},"thumbnailUrl":"https:\/\/www.firstcorporation.it\/wp-content\/uploads\/2023\/12\/F8N305B.jpg","datePublished":"2026-01-20T05:51:56+00:00","dateModified":"2026-01-22T07:55:29+00:00","breadcrumb":{"@id":"https:\/\/www.firstcorporation.it\/es\/product\/rejillas-de-ventanas-con-lamas-ajustables\/#breadcrumb"},"inLanguage":"es","potentialAction":[{"@type":"ReadAction","target":["https:\/\/www.firstcorporation.it\/es\/product\/rejillas-de-ventanas-con-lamas-ajustables\/"]}]},{"@type":"ImageObject","inLanguage":"es","@id":"https:\/\/www.firstcorporation.it\/es\/product\/rejillas-de-ventanas-con-lamas-ajustables\/#primaryimage","url":"https:\/\/www.firstcorporation.it\/wp-content\/uploads\/2023\/12\/F8N305B.jpg","contentUrl":"https:\/\/www.firstcorporation.it\/wp-content\/uploads\/2023\/12\/F8N305B.jpg","width":800,"height":719},{"@type":"BreadcrumbList","@id":"https:\/\/www.firstcorporation.it\/es\/product\/rejillas-de-ventanas-con-lamas-ajustables\/#breadcrumb","itemListElement":[{"@type":"ListItem","position":1,"name":"Home","item":"https:\/\/www.firstcorporation.it\/"},{"@type":"ListItem","position":2,"name":"Products","item":"https:\/\/www.firstcorporation.com\/shop\/"},{"@type":"ListItem","position":3,"name":"Rejillas de ventanas con lamas ajustables"}]},{"@type":"WebSite","@id":"https:\/\/www.firstcorporation.it\/#website","url":"https:\/\/www.firstcorporation.it\/","name":"First Corporation","description":"Componenti plastici per l&#039;edilizia","publisher":{"@id":"https:\/\/www.firstcorporation.it\/#organization"},"potentialAction":[{"@type":"SearchAction","target":{"@type":"EntryPoint","urlTemplate":"https:\/\/www.firstcorporation.it\/?s={search_term_string}"},"query-input":"required name=search_term_string"}],"inLanguage":"es"},{"@type":"Organization","@id":"https:\/\/www.firstcorporation.it\/#organization","name":"First Corporation","alternateName":"First Corporation","url":"https:\/\/www.firstcorporation.it\/","logo":{"@type":"ImageObject","inLanguage":"es","@id":"https:\/\/www.firstcorporation.it\/#\/schema\/logo\/image\/","url":"https:\/\/www.firstcorporation.it\/wp-content\/uploads\/2023\/11\/Screenshot-2023-11-28-alle-16.41.17.png","contentUrl":"https:\/\/www.firstcorporation.it\/wp-content\/uploads\/2023\/11\/Screenshot-2023-11-28-alle-16.41.17.png","width":69,"height":69,"caption":"First Corporation"},"image":{"@id":"https:\/\/www.firstcorporation.it\/#\/schema\/logo\/image\/"},"sameAs":["https:\/\/www.facebook.com\/FirstSrl","https:\/\/www.linkedin.com\/company\/first-corporation-s-r-l","https:\/\/www.youtube.com\/channel\/UCi7Ykxn5yVRCz99G8mKVv7g","https:\/\/www.instagram.com\/first_corporation_italy\/?hl=it"]}]}},"jetpack_sharing_enabled":true,"_links":{"self":[{"href":"https:\/\/www.firstcorporation.it\/es\/wp-json\/wp\/v2\/product\/103896"}],"collection":[{"href":"https:\/\/www.firstcorporation.it\/es\/wp-json\/wp\/v2\/product"}],"about":[{"href":"https:\/\/www.firstcorporation.it\/es\/wp-json\/wp\/v2\/types\/product"}],"wp:featuredmedia":[{"embeddable":true,"href":"https:\/\/www.firstcorporation.it\/es\/wp-json\/wp\/v2\/media\/35720"}],"wp:attachment":[{"href":"https:\/\/www.firstcorporation.it\/es\/wp-json\/wp\/v2\/media?parent=103896"}],"wp:term":[{"taxonomy":"product_cat","embeddable":true,"href":"https:\/\/www.firstcorporation.it\/es\/wp-json\/wp\/v2\/product_cat?post=103896"},{"taxonomy":"product_tag","embeddable":true,"href":"https:\/\/www.firstcorporation.it\/es\/wp-json\/wp\/v2\/product_tag?post=103896"},{"taxonomy":"collezione","embeddable":true,"href":"https:\/\/www.firstcorporation.it\/es\/wp-json\/wp\/v2\/collezione?post=103896"}],"curies":[{"name":"wp","href":"https:\/\/api.w.org\/{rel}","templated":true}]}}