{"id":103905,"date":"2026-01-20T05:52:04","date_gmt":"2026-01-20T05:52:04","guid":{"rendered":"https:\/\/www.firstcorporation.it\/product\/rejillas-redonda-dentro-fuori\/"},"modified":"2026-01-22T07:55:30","modified_gmt":"2026-01-22T07:55:30","slug":"rejillas-redonda-dentro-fuori","status":"publish","type":"product","link":"https:\/\/www.firstcorporation.it\/es\/product\/rejillas-redonda-dentro-fuori\/","title":{"rendered":"Rejillas redonda Dentro Fuori"},"content":{"rendered":"","protected":false},"excerpt":{"rendered":"<p>Pr\u00e1ctico, seguro, robusto e innovador, permite la instalaci\u00f3n desde el interior sin necesidad de utilizar escaleras ni andamios. La rejilla &#8216;Dentro\/Fuera&#8217;, pr\u00e1ctica, segura, robusta, innovadora, permite la instalaci\u00f3n desde el interior sin necesidad de utilizar escaleras ni andamios con la consiguiente gran ventaja econ\u00f3mica. La simple maniobra de instalaci\u00f3n hace que sea igual de f\u00e1cil volver a llevar la rejilla al interior para una posible limpieza. Esta caracter\u00edstica tambi\u00e9n ofrece la posibilidad de reemplazar r\u00e1pida y f\u00e1cilmente otra rejilla externa inadecuada o desgastada por el tiempo. La rejilla se suministra con un cable de seguridad que le permite realizar la maniobra de posicionamiento en el exterior, con tranquilidad, en caso de que se le escape de las manos.<\/p>\n","protected":false},"featured_media":31669,"template":"","meta":{"_acf_changed":false,"inline_featured_image":false},"product_cat":[8051,8054,8017],"product_tag":[],"collezione":[8116],"acf":[],"yoast_head":"<!-- This site is optimized with the Yoast SEO plugin v22.9 - https:\/\/yoast.com\/wordpress\/plugins\/seo\/ -->\n<title>Rejillas redonda Dentro Fuori | First Corporation<\/title>\n<meta name=\"robots\" content=\"index, follow, max-snippet:-1, max-image-preview:large, max-video-preview:-1\" \/>\n<link rel=\"canonical\" href=\"https:\/\/www.firstcorporation.it\/es\/product\/rejillas-redonda-dentro-fuori\/\" \/>\n<meta property=\"og:locale\" content=\"es_ES\" \/>\n<meta property=\"og:type\" content=\"article\" \/>\n<meta property=\"og:title\" content=\"Rejillas redonda Dentro Fuori | First Corporation\" \/>\n<meta property=\"og:description\" content=\"Pr\u00e1ctico, seguro, robusto e innovador, permite la instalaci\u00f3n desde el interior sin necesidad de utilizar escaleras ni andamios. La rejilla &#039;Dentro\/Fuera&#039;, pr\u00e1ctica, segura, robusta, innovadora, permite la instalaci\u00f3n desde el interior sin necesidad de utilizar escaleras ni andamios con la consiguiente gran ventaja econ\u00f3mica. La simple maniobra de instalaci\u00f3n hace que sea igual de f\u00e1cil volver a llevar la rejilla al interior para una posible limpieza. Esta caracter\u00edstica tambi\u00e9n ofrece la posibilidad de reemplazar r\u00e1pida y f\u00e1cilmente otra rejilla externa inadecuada o desgastada por el tiempo. La rejilla se suministra con un cable de seguridad que le permite realizar la maniobra de posicionamiento en el exterior, con tranquilidad, en caso de que se le escape de las manos.\" \/>\n<meta property=\"og:url\" content=\"https:\/\/www.firstcorporation.it\/es\/product\/rejillas-redonda-dentro-fuori\/\" \/>\n<meta property=\"og:site_name\" content=\"First Corporation\" \/>\n<meta property=\"article:publisher\" content=\"https:\/\/www.facebook.com\/FirstSrl\" \/>\n<meta property=\"article:modified_time\" content=\"2026-01-22T07:55:30+00:00\" \/>\n<meta name=\"twitter:card\" content=\"summary_large_image\" \/>\n<script type=\"application\/ld+json\" class=\"yoast-schema-graph\">{\"@context\":\"https:\/\/schema.org\",\"@graph\":[{\"@type\":\"WebPage\",\"@id\":\"https:\/\/www.firstcorporation.it\/es\/product\/rejillas-redonda-dentro-fuori\/\",\"url\":\"https:\/\/www.firstcorporation.it\/es\/product\/rejillas-redonda-dentro-fuori\/\",\"name\":\"Rejillas redonda Dentro Fuori | First Corporation\",\"isPartOf\":{\"@id\":\"https:\/\/www.firstcorporation.it\/#website\"},\"primaryImageOfPage\":{\"@id\":\"https:\/\/www.firstcorporation.it\/es\/product\/rejillas-redonda-dentro-fuori\/#primaryimage\"},\"image\":{\"@id\":\"https:\/\/www.firstcorporation.it\/es\/product\/rejillas-redonda-dentro-fuori\/#primaryimage\"},\"thumbnailUrl\":\"https:\/\/www.firstcorporation.it\/wp-content\/uploads\/2023\/12\/DFR140B_0.jpg\",\"datePublished\":\"2026-01-20T05:52:04+00:00\",\"dateModified\":\"2026-01-22T07:55:30+00:00\",\"breadcrumb\":{\"@id\":\"https:\/\/www.firstcorporation.it\/es\/product\/rejillas-redonda-dentro-fuori\/#breadcrumb\"},\"inLanguage\":\"es\",\"potentialAction\":[{\"@type\":\"ReadAction\",\"target\":[\"https:\/\/www.firstcorporation.it\/es\/product\/rejillas-redonda-dentro-fuori\/\"]}]},{\"@type\":\"ImageObject\",\"inLanguage\":\"es\",\"@id\":\"https:\/\/www.firstcorporation.it\/es\/product\/rejillas-redonda-dentro-fuori\/#primaryimage\",\"url\":\"https:\/\/www.firstcorporation.it\/wp-content\/uploads\/2023\/12\/DFR140B_0.jpg\",\"contentUrl\":\"https:\/\/www.firstcorporation.it\/wp-content\/uploads\/2023\/12\/DFR140B_0.jpg\",\"width\":800,\"height\":719},{\"@type\":\"BreadcrumbList\",\"@id\":\"https:\/\/www.firstcorporation.it\/es\/product\/rejillas-redonda-dentro-fuori\/#breadcrumb\",\"itemListElement\":[{\"@type\":\"ListItem\",\"position\":1,\"name\":\"Home\",\"item\":\"https:\/\/www.firstcorporation.it\/\"},{\"@type\":\"ListItem\",\"position\":2,\"name\":\"Products\",\"item\":\"https:\/\/www.firstcorporation.com\/shop\/\"},{\"@type\":\"ListItem\",\"position\":3,\"name\":\"Rejillas redonda Dentro Fuori\"}]},{\"@type\":\"WebSite\",\"@id\":\"https:\/\/www.firstcorporation.it\/#website\",\"url\":\"https:\/\/www.firstcorporation.it\/\",\"name\":\"First Corporation\",\"description\":\"Componenti plastici per l&#039;edilizia\",\"publisher\":{\"@id\":\"https:\/\/www.firstcorporation.it\/#organization\"},\"potentialAction\":[{\"@type\":\"SearchAction\",\"target\":{\"@type\":\"EntryPoint\",\"urlTemplate\":\"https:\/\/www.firstcorporation.it\/?s={search_term_string}\"},\"query-input\":\"required name=search_term_string\"}],\"inLanguage\":\"es\"},{\"@type\":\"Organization\",\"@id\":\"https:\/\/www.firstcorporation.it\/#organization\",\"name\":\"First Corporation\",\"alternateName\":\"First Corporation\",\"url\":\"https:\/\/www.firstcorporation.it\/\",\"logo\":{\"@type\":\"ImageObject\",\"inLanguage\":\"es\",\"@id\":\"https:\/\/www.firstcorporation.it\/#\/schema\/logo\/image\/\",\"url\":\"https:\/\/www.firstcorporation.it\/wp-content\/uploads\/2023\/11\/Screenshot-2023-11-28-alle-16.41.17.png\",\"contentUrl\":\"https:\/\/www.firstcorporation.it\/wp-content\/uploads\/2023\/11\/Screenshot-2023-11-28-alle-16.41.17.png\",\"width\":69,\"height\":69,\"caption\":\"First Corporation\"},\"image\":{\"@id\":\"https:\/\/www.firstcorporation.it\/#\/schema\/logo\/image\/\"},\"sameAs\":[\"https:\/\/www.facebook.com\/FirstSrl\",\"https:\/\/www.linkedin.com\/company\/first-corporation-s-r-l\",\"https:\/\/www.youtube.com\/channel\/UCi7Ykxn5yVRCz99G8mKVv7g\",\"https:\/\/www.instagram.com\/first_corporation_italy\/?hl=it\"]}]}<\/script>\n<!-- \/ Yoast SEO plugin. -->","yoast_head_json":{"title":"Rejillas redonda Dentro Fuori | First Corporation","robots":{"index":"index","follow":"follow","max-snippet":"max-snippet:-1","max-image-preview":"max-image-preview:large","max-video-preview":"max-video-preview:-1"},"canonical":"https:\/\/www.firstcorporation.it\/es\/product\/rejillas-redonda-dentro-fuori\/","og_locale":"es_ES","og_type":"article","og_title":"Rejillas redonda Dentro Fuori | First Corporation","og_description":"Pr\u00e1ctico, seguro, robusto e innovador, permite la instalaci\u00f3n desde el interior sin necesidad de utilizar escaleras ni andamios. La rejilla 'Dentro\/Fuera', pr\u00e1ctica, segura, robusta, innovadora, permite la instalaci\u00f3n desde el interior sin necesidad de utilizar escaleras ni andamios con la consiguiente gran ventaja econ\u00f3mica. La simple maniobra de instalaci\u00f3n hace que sea igual de f\u00e1cil volver a llevar la rejilla al interior para una posible limpieza. Esta caracter\u00edstica tambi\u00e9n ofrece la posibilidad de reemplazar r\u00e1pida y f\u00e1cilmente otra rejilla externa inadecuada o desgastada por el tiempo. La rejilla se suministra con un cable de seguridad que le permite realizar la maniobra de posicionamiento en el exterior, con tranquilidad, en caso de que se le escape de las manos.","og_url":"https:\/\/www.firstcorporation.it\/es\/product\/rejillas-redonda-dentro-fuori\/","og_site_name":"First Corporation","article_publisher":"https:\/\/www.facebook.com\/FirstSrl","article_modified_time":"2026-01-22T07:55:30+00:00","twitter_card":"summary_large_image","schema":{"@context":"https:\/\/schema.org","@graph":[{"@type":"WebPage","@id":"https:\/\/www.firstcorporation.it\/es\/product\/rejillas-redonda-dentro-fuori\/","url":"https:\/\/www.firstcorporation.it\/es\/product\/rejillas-redonda-dentro-fuori\/","name":"Rejillas redonda Dentro Fuori | First Corporation","isPartOf":{"@id":"https:\/\/www.firstcorporation.it\/#website"},"primaryImageOfPage":{"@id":"https:\/\/www.firstcorporation.it\/es\/product\/rejillas-redonda-dentro-fuori\/#primaryimage"},"image":{"@id":"https:\/\/www.firstcorporation.it\/es\/product\/rejillas-redonda-dentro-fuori\/#primaryimage"},"thumbnailUrl":"https:\/\/www.firstcorporation.it\/wp-content\/uploads\/2023\/12\/DFR140B_0.jpg","datePublished":"2026-01-20T05:52:04+00:00","dateModified":"2026-01-22T07:55:30+00:00","breadcrumb":{"@id":"https:\/\/www.firstcorporation.it\/es\/product\/rejillas-redonda-dentro-fuori\/#breadcrumb"},"inLanguage":"es","potentialAction":[{"@type":"ReadAction","target":["https:\/\/www.firstcorporation.it\/es\/product\/rejillas-redonda-dentro-fuori\/"]}]},{"@type":"ImageObject","inLanguage":"es","@id":"https:\/\/www.firstcorporation.it\/es\/product\/rejillas-redonda-dentro-fuori\/#primaryimage","url":"https:\/\/www.firstcorporation.it\/wp-content\/uploads\/2023\/12\/DFR140B_0.jpg","contentUrl":"https:\/\/www.firstcorporation.it\/wp-content\/uploads\/2023\/12\/DFR140B_0.jpg","width":800,"height":719},{"@type":"BreadcrumbList","@id":"https:\/\/www.firstcorporation.it\/es\/product\/rejillas-redonda-dentro-fuori\/#breadcrumb","itemListElement":[{"@type":"ListItem","position":1,"name":"Home","item":"https:\/\/www.firstcorporation.it\/"},{"@type":"ListItem","position":2,"name":"Products","item":"https:\/\/www.firstcorporation.com\/shop\/"},{"@type":"ListItem","position":3,"name":"Rejillas redonda Dentro Fuori"}]},{"@type":"WebSite","@id":"https:\/\/www.firstcorporation.it\/#website","url":"https:\/\/www.firstcorporation.it\/","name":"First Corporation","description":"Componenti plastici per l&#039;edilizia","publisher":{"@id":"https:\/\/www.firstcorporation.it\/#organization"},"potentialAction":[{"@type":"SearchAction","target":{"@type":"EntryPoint","urlTemplate":"https:\/\/www.firstcorporation.it\/?s={search_term_string}"},"query-input":"required name=search_term_string"}],"inLanguage":"es"},{"@type":"Organization","@id":"https:\/\/www.firstcorporation.it\/#organization","name":"First Corporation","alternateName":"First Corporation","url":"https:\/\/www.firstcorporation.it\/","logo":{"@type":"ImageObject","inLanguage":"es","@id":"https:\/\/www.firstcorporation.it\/#\/schema\/logo\/image\/","url":"https:\/\/www.firstcorporation.it\/wp-content\/uploads\/2023\/11\/Screenshot-2023-11-28-alle-16.41.17.png","contentUrl":"https:\/\/www.firstcorporation.it\/wp-content\/uploads\/2023\/11\/Screenshot-2023-11-28-alle-16.41.17.png","width":69,"height":69,"caption":"First Corporation"},"image":{"@id":"https:\/\/www.firstcorporation.it\/#\/schema\/logo\/image\/"},"sameAs":["https:\/\/www.facebook.com\/FirstSrl","https:\/\/www.linkedin.com\/company\/first-corporation-s-r-l","https:\/\/www.youtube.com\/channel\/UCi7Ykxn5yVRCz99G8mKVv7g","https:\/\/www.instagram.com\/first_corporation_italy\/?hl=it"]}]}},"jetpack_sharing_enabled":true,"_links":{"self":[{"href":"https:\/\/www.firstcorporation.it\/es\/wp-json\/wp\/v2\/product\/103905"}],"collection":[{"href":"https:\/\/www.firstcorporation.it\/es\/wp-json\/wp\/v2\/product"}],"about":[{"href":"https:\/\/www.firstcorporation.it\/es\/wp-json\/wp\/v2\/types\/product"}],"wp:featuredmedia":[{"embeddable":true,"href":"https:\/\/www.firstcorporation.it\/es\/wp-json\/wp\/v2\/media\/31669"}],"wp:attachment":[{"href":"https:\/\/www.firstcorporation.it\/es\/wp-json\/wp\/v2\/media?parent=103905"}],"wp:term":[{"taxonomy":"product_cat","embeddable":true,"href":"https:\/\/www.firstcorporation.it\/es\/wp-json\/wp\/v2\/product_cat?post=103905"},{"taxonomy":"product_tag","embeddable":true,"href":"https:\/\/www.firstcorporation.it\/es\/wp-json\/wp\/v2\/product_tag?post=103905"},{"taxonomy":"collezione","embeddable":true,"href":"https:\/\/www.firstcorporation.it\/es\/wp-json\/wp\/v2\/collezione?post=103905"}],"curies":[{"name":"wp","href":"https:\/\/api.w.org\/{rel}","templated":true}]}}