{"id":104075,"date":"2026-01-20T05:54:35","date_gmt":"2026-01-20T05:54:35","guid":{"rendered":"https:\/\/www.firstcorporation.it\/product\/union-para-tubos-rectangular-120x60-mm\/"},"modified":"2026-02-24T09:31:22","modified_gmt":"2026-02-24T09:31:22","slug":"union-para-tubos-rectangular-120x60-mm","status":"publish","type":"product","link":"https:\/\/www.firstcorporation.it\/es\/product\/union-para-tubos-rectangular-120x60-mm\/","title":{"rendered":"Uni\u00f3n para tubos rectangular 120\u00d760 mm"},"content":{"rendered":"","protected":false},"excerpt":{"rendered":"<p>Los accesorios del sistema de ventilaci\u00f3n contribuyen a la r\u00e1pida evacuaci\u00f3n de vapores y olores desagradables de ambientes como cocinas y ba\u00f1os.<\/p>\n","protected":false},"featured_media":39018,"template":"","meta":{"_acf_changed":false,"inline_featured_image":false},"product_cat":[8125,8039,8033],"product_tag":[],"collezione":[8116],"acf":[],"yoast_head":"<!-- This site is optimized with the Yoast SEO plugin v22.9 - https:\/\/yoast.com\/wordpress\/plugins\/seo\/ -->\n<title>Uni\u00f3n para tubos rectangular 120\u00d760 mm | First Corporation<\/title>\n<meta name=\"robots\" content=\"index, follow, max-snippet:-1, max-image-preview:large, max-video-preview:-1\" \/>\n<link rel=\"canonical\" href=\"https:\/\/www.firstcorporation.it\/es\/product\/union-para-tubos-rectangular-120x60-mm\/\" \/>\n<meta property=\"og:locale\" content=\"es_ES\" \/>\n<meta property=\"og:type\" content=\"article\" \/>\n<meta property=\"og:title\" content=\"Uni\u00f3n para tubos rectangular 120\u00d760 mm | First Corporation\" \/>\n<meta property=\"og:description\" content=\"Los accesorios del sistema de ventilaci\u00f3n contribuyen a la r\u00e1pida evacuaci\u00f3n de vapores y olores desagradables de ambientes como cocinas y ba\u00f1os.\" \/>\n<meta property=\"og:url\" content=\"https:\/\/www.firstcorporation.it\/es\/product\/union-para-tubos-rectangular-120x60-mm\/\" \/>\n<meta property=\"og:site_name\" content=\"First Corporation\" \/>\n<meta property=\"article:publisher\" content=\"https:\/\/www.facebook.com\/FirstSrl\" \/>\n<meta property=\"article:modified_time\" content=\"2026-02-24T09:31:22+00:00\" \/>\n<meta property=\"og:image\" content=\"https:\/\/www.firstcorporation.it\/wp-content\/uploads\/2023\/12\/CG126B-1.jpg\" \/>\n\t<meta property=\"og:image:width\" content=\"800\" \/>\n\t<meta property=\"og:image:height\" content=\"719\" \/>\n\t<meta property=\"og:image:type\" content=\"image\/jpeg\" \/>\n<meta name=\"twitter:card\" content=\"summary_large_image\" \/>\n<meta name=\"twitter:label1\" content=\"Tiempo de lectura\" \/>\n\t<meta name=\"twitter:data1\" content=\"1 minuto\" \/>\n<script type=\"application\/ld+json\" class=\"yoast-schema-graph\">{\"@context\":\"https:\/\/schema.org\",\"@graph\":[{\"@type\":\"WebPage\",\"@id\":\"https:\/\/www.firstcorporation.it\/es\/product\/union-para-tubos-rectangular-120x60-mm\/\",\"url\":\"https:\/\/www.firstcorporation.it\/es\/product\/union-para-tubos-rectangular-120x60-mm\/\",\"name\":\"Uni\u00f3n para tubos rectangular 120\u00d760 mm | First Corporation\",\"isPartOf\":{\"@id\":\"https:\/\/www.firstcorporation.it\/#website\"},\"primaryImageOfPage\":{\"@id\":\"https:\/\/www.firstcorporation.it\/es\/product\/union-para-tubos-rectangular-120x60-mm\/#primaryimage\"},\"image\":{\"@id\":\"https:\/\/www.firstcorporation.it\/es\/product\/union-para-tubos-rectangular-120x60-mm\/#primaryimage\"},\"thumbnailUrl\":\"https:\/\/www.firstcorporation.it\/wp-content\/uploads\/2023\/12\/CG126B-1.jpg\",\"datePublished\":\"2026-01-20T05:54:35+00:00\",\"dateModified\":\"2026-02-24T09:31:22+00:00\",\"breadcrumb\":{\"@id\":\"https:\/\/www.firstcorporation.it\/es\/product\/union-para-tubos-rectangular-120x60-mm\/#breadcrumb\"},\"inLanguage\":\"es\",\"potentialAction\":[{\"@type\":\"ReadAction\",\"target\":[\"https:\/\/www.firstcorporation.it\/es\/product\/union-para-tubos-rectangular-120x60-mm\/\"]}]},{\"@type\":\"ImageObject\",\"inLanguage\":\"es\",\"@id\":\"https:\/\/www.firstcorporation.it\/es\/product\/union-para-tubos-rectangular-120x60-mm\/#primaryimage\",\"url\":\"https:\/\/www.firstcorporation.it\/wp-content\/uploads\/2023\/12\/CG126B-1.jpg\",\"contentUrl\":\"https:\/\/www.firstcorporation.it\/wp-content\/uploads\/2023\/12\/CG126B-1.jpg\",\"width\":800,\"height\":719},{\"@type\":\"BreadcrumbList\",\"@id\":\"https:\/\/www.firstcorporation.it\/es\/product\/union-para-tubos-rectangular-120x60-mm\/#breadcrumb\",\"itemListElement\":[{\"@type\":\"ListItem\",\"position\":1,\"name\":\"Home\",\"item\":\"https:\/\/www.firstcorporation.it\/\"},{\"@type\":\"ListItem\",\"position\":2,\"name\":\"Products\",\"item\":\"https:\/\/www.firstcorporation.com\/shop\/\"},{\"@type\":\"ListItem\",\"position\":3,\"name\":\"Uni\u00f3n para tubos rectangular 120\u00d760 mm\"}]},{\"@type\":\"WebSite\",\"@id\":\"https:\/\/www.firstcorporation.it\/#website\",\"url\":\"https:\/\/www.firstcorporation.it\/\",\"name\":\"First Corporation\",\"description\":\"Componenti plastici per l&#039;edilizia\",\"publisher\":{\"@id\":\"https:\/\/www.firstcorporation.it\/#organization\"},\"potentialAction\":[{\"@type\":\"SearchAction\",\"target\":{\"@type\":\"EntryPoint\",\"urlTemplate\":\"https:\/\/www.firstcorporation.it\/?s={search_term_string}\"},\"query-input\":\"required name=search_term_string\"}],\"inLanguage\":\"es\"},{\"@type\":\"Organization\",\"@id\":\"https:\/\/www.firstcorporation.it\/#organization\",\"name\":\"First Corporation\",\"alternateName\":\"First Corporation\",\"url\":\"https:\/\/www.firstcorporation.it\/\",\"logo\":{\"@type\":\"ImageObject\",\"inLanguage\":\"es\",\"@id\":\"https:\/\/www.firstcorporation.it\/#\/schema\/logo\/image\/\",\"url\":\"https:\/\/www.firstcorporation.it\/wp-content\/uploads\/2023\/11\/Screenshot-2023-11-28-alle-16.41.17.png\",\"contentUrl\":\"https:\/\/www.firstcorporation.it\/wp-content\/uploads\/2023\/11\/Screenshot-2023-11-28-alle-16.41.17.png\",\"width\":69,\"height\":69,\"caption\":\"First Corporation\"},\"image\":{\"@id\":\"https:\/\/www.firstcorporation.it\/#\/schema\/logo\/image\/\"},\"sameAs\":[\"https:\/\/www.facebook.com\/FirstSrl\",\"https:\/\/www.linkedin.com\/company\/first-corporation-s-r-l\",\"https:\/\/www.youtube.com\/channel\/UCi7Ykxn5yVRCz99G8mKVv7g\",\"https:\/\/www.instagram.com\/first_corporation_italy\/?hl=it\"]}]}<\/script>\n<!-- \/ Yoast SEO plugin. -->","yoast_head_json":{"title":"Uni\u00f3n para tubos rectangular 120\u00d760 mm | First Corporation","robots":{"index":"index","follow":"follow","max-snippet":"max-snippet:-1","max-image-preview":"max-image-preview:large","max-video-preview":"max-video-preview:-1"},"canonical":"https:\/\/www.firstcorporation.it\/es\/product\/union-para-tubos-rectangular-120x60-mm\/","og_locale":"es_ES","og_type":"article","og_title":"Uni\u00f3n para tubos rectangular 120\u00d760 mm | First Corporation","og_description":"Los accesorios del sistema de ventilaci\u00f3n contribuyen a la r\u00e1pida evacuaci\u00f3n de vapores y olores desagradables de ambientes como cocinas y ba\u00f1os.","og_url":"https:\/\/www.firstcorporation.it\/es\/product\/union-para-tubos-rectangular-120x60-mm\/","og_site_name":"First Corporation","article_publisher":"https:\/\/www.facebook.com\/FirstSrl","article_modified_time":"2026-02-24T09:31:22+00:00","og_image":[{"width":800,"height":719,"url":"https:\/\/www.firstcorporation.it\/wp-content\/uploads\/2023\/12\/CG126B-1.jpg","type":"image\/jpeg"}],"twitter_card":"summary_large_image","twitter_misc":{"Tiempo de lectura":"1 minuto"},"schema":{"@context":"https:\/\/schema.org","@graph":[{"@type":"WebPage","@id":"https:\/\/www.firstcorporation.it\/es\/product\/union-para-tubos-rectangular-120x60-mm\/","url":"https:\/\/www.firstcorporation.it\/es\/product\/union-para-tubos-rectangular-120x60-mm\/","name":"Uni\u00f3n para tubos rectangular 120\u00d760 mm | First Corporation","isPartOf":{"@id":"https:\/\/www.firstcorporation.it\/#website"},"primaryImageOfPage":{"@id":"https:\/\/www.firstcorporation.it\/es\/product\/union-para-tubos-rectangular-120x60-mm\/#primaryimage"},"image":{"@id":"https:\/\/www.firstcorporation.it\/es\/product\/union-para-tubos-rectangular-120x60-mm\/#primaryimage"},"thumbnailUrl":"https:\/\/www.firstcorporation.it\/wp-content\/uploads\/2023\/12\/CG126B-1.jpg","datePublished":"2026-01-20T05:54:35+00:00","dateModified":"2026-02-24T09:31:22+00:00","breadcrumb":{"@id":"https:\/\/www.firstcorporation.it\/es\/product\/union-para-tubos-rectangular-120x60-mm\/#breadcrumb"},"inLanguage":"es","potentialAction":[{"@type":"ReadAction","target":["https:\/\/www.firstcorporation.it\/es\/product\/union-para-tubos-rectangular-120x60-mm\/"]}]},{"@type":"ImageObject","inLanguage":"es","@id":"https:\/\/www.firstcorporation.it\/es\/product\/union-para-tubos-rectangular-120x60-mm\/#primaryimage","url":"https:\/\/www.firstcorporation.it\/wp-content\/uploads\/2023\/12\/CG126B-1.jpg","contentUrl":"https:\/\/www.firstcorporation.it\/wp-content\/uploads\/2023\/12\/CG126B-1.jpg","width":800,"height":719},{"@type":"BreadcrumbList","@id":"https:\/\/www.firstcorporation.it\/es\/product\/union-para-tubos-rectangular-120x60-mm\/#breadcrumb","itemListElement":[{"@type":"ListItem","position":1,"name":"Home","item":"https:\/\/www.firstcorporation.it\/"},{"@type":"ListItem","position":2,"name":"Products","item":"https:\/\/www.firstcorporation.com\/shop\/"},{"@type":"ListItem","position":3,"name":"Uni\u00f3n para tubos rectangular 120\u00d760 mm"}]},{"@type":"WebSite","@id":"https:\/\/www.firstcorporation.it\/#website","url":"https:\/\/www.firstcorporation.it\/","name":"First Corporation","description":"Componenti plastici per l&#039;edilizia","publisher":{"@id":"https:\/\/www.firstcorporation.it\/#organization"},"potentialAction":[{"@type":"SearchAction","target":{"@type":"EntryPoint","urlTemplate":"https:\/\/www.firstcorporation.it\/?s={search_term_string}"},"query-input":"required name=search_term_string"}],"inLanguage":"es"},{"@type":"Organization","@id":"https:\/\/www.firstcorporation.it\/#organization","name":"First Corporation","alternateName":"First Corporation","url":"https:\/\/www.firstcorporation.it\/","logo":{"@type":"ImageObject","inLanguage":"es","@id":"https:\/\/www.firstcorporation.it\/#\/schema\/logo\/image\/","url":"https:\/\/www.firstcorporation.it\/wp-content\/uploads\/2023\/11\/Screenshot-2023-11-28-alle-16.41.17.png","contentUrl":"https:\/\/www.firstcorporation.it\/wp-content\/uploads\/2023\/11\/Screenshot-2023-11-28-alle-16.41.17.png","width":69,"height":69,"caption":"First Corporation"},"image":{"@id":"https:\/\/www.firstcorporation.it\/#\/schema\/logo\/image\/"},"sameAs":["https:\/\/www.facebook.com\/FirstSrl","https:\/\/www.linkedin.com\/company\/first-corporation-s-r-l","https:\/\/www.youtube.com\/channel\/UCi7Ykxn5yVRCz99G8mKVv7g","https:\/\/www.instagram.com\/first_corporation_italy\/?hl=it"]}]}},"jetpack_sharing_enabled":true,"_links":{"self":[{"href":"https:\/\/www.firstcorporation.it\/es\/wp-json\/wp\/v2\/product\/104075"}],"collection":[{"href":"https:\/\/www.firstcorporation.it\/es\/wp-json\/wp\/v2\/product"}],"about":[{"href":"https:\/\/www.firstcorporation.it\/es\/wp-json\/wp\/v2\/types\/product"}],"wp:featuredmedia":[{"embeddable":true,"href":"https:\/\/www.firstcorporation.it\/es\/wp-json\/wp\/v2\/media\/39018"}],"wp:attachment":[{"href":"https:\/\/www.firstcorporation.it\/es\/wp-json\/wp\/v2\/media?parent=104075"}],"wp:term":[{"taxonomy":"product_cat","embeddable":true,"href":"https:\/\/www.firstcorporation.it\/es\/wp-json\/wp\/v2\/product_cat?post=104075"},{"taxonomy":"product_tag","embeddable":true,"href":"https:\/\/www.firstcorporation.it\/es\/wp-json\/wp\/v2\/product_tag?post=104075"},{"taxonomy":"collezione","embeddable":true,"href":"https:\/\/www.firstcorporation.it\/es\/wp-json\/wp\/v2\/collezione?post=104075"}],"curies":[{"name":"wp","href":"https:\/\/api.w.org\/{rel}","templated":true}]}}