{"id":55223,"date":"2024-04-08T04:44:23","date_gmt":"2024-04-08T04:44:23","guid":{"rendered":"https:\/\/www.firstcorporation.it\/product\/chiusino-sifonato-in-abs-con-griglia-in-inox-e-scarico-verticale\/"},"modified":"2025-07-08T08:17:06","modified_gmt":"2025-07-08T08:17:06","slug":"chiusino-sifonato-in-abs-con-griglia-in-inox-e-scarico-verticale","status":"publish","type":"product","link":"https:\/\/www.firstcorporation.it\/fr\/product\/chiusino-sifonato-in-abs-con-griglia-in-inox-e-scarico-verticale\/","title":{"rendered":"Siphon de cour en ABS avec grille en inox et sortie verticale"},"content":{"rendered":"","protected":false},"excerpt":{"rendered":"<p>Les siphons de cour en ABS sont des produits de sol qui permettent une meilleure \u00e9vacuation de l&#8217;eau et des liquides des petits espaces ext\u00e9rieurs tels que les terrasses et surtout des espaces int\u00e9rieurs tels que les salles de bains et les douches.<\/p>\n","protected":false},"featured_media":55219,"template":"","meta":{"_acf_changed":false,"inline_featured_image":false},"product_cat":[7538,7555,7556],"product_tag":[1634,1635],"collezione":[7975],"acf":[],"yoast_head":"<!-- This site is optimized with the Yoast SEO plugin v22.9 - https:\/\/yoast.com\/wordpress\/plugins\/seo\/ -->\n<title>Siphon de cour en ABS avec grille en inox et sortie verticale | First Corporation<\/title>\n<meta name=\"robots\" content=\"index, follow, max-snippet:-1, max-image-preview:large, max-video-preview:-1\" \/>\n<link rel=\"canonical\" href=\"https:\/\/www.firstcorporation.it\/fr\/product\/chiusino-sifonato-in-abs-con-griglia-in-inox-e-scarico-verticale\/\" \/>\n<meta property=\"og:locale\" content=\"fr_FR\" \/>\n<meta property=\"og:type\" content=\"article\" \/>\n<meta property=\"og:title\" content=\"Siphon de cour en ABS avec grille en inox et sortie verticale | First Corporation\" \/>\n<meta property=\"og:description\" content=\"Les siphons de cour en ABS sont des produits de sol qui permettent une meilleure \u00e9vacuation de l&#039;eau et des liquides des petits espaces ext\u00e9rieurs tels que les terrasses et surtout des espaces int\u00e9rieurs tels que les salles de bains et les douches.\" \/>\n<meta property=\"og:url\" content=\"https:\/\/www.firstcorporation.it\/fr\/product\/chiusino-sifonato-in-abs-con-griglia-in-inox-e-scarico-verticale\/\" \/>\n<meta property=\"og:site_name\" content=\"First Corporation\" \/>\n<meta property=\"article:publisher\" content=\"https:\/\/www.facebook.com\/FirstSrl\" \/>\n<meta property=\"article:modified_time\" content=\"2025-07-08T08:17:06+00:00\" \/>\n<meta property=\"og:image\" content=\"https:\/\/www.firstcorporation.it\/wp-content\/uploads\/2025\/02\/CHABSV1040IN-scaled-1.jpg\" \/>\n\t<meta property=\"og:image:width\" content=\"2560\" \/>\n\t<meta property=\"og:image:height\" content=\"2300\" \/>\n\t<meta property=\"og:image:type\" content=\"image\/jpeg\" \/>\n<meta name=\"twitter:card\" content=\"summary_large_image\" \/>\n<meta name=\"twitter:label1\" content=\"Dur\u00e9e de lecture estim\u00e9e\" \/>\n\t<meta name=\"twitter:data1\" content=\"1 minute\" \/>\n<script type=\"application\/ld+json\" class=\"yoast-schema-graph\">{\"@context\":\"https:\/\/schema.org\",\"@graph\":[{\"@type\":\"WebPage\",\"@id\":\"https:\/\/www.firstcorporation.it\/fr\/product\/chiusino-sifonato-in-abs-con-griglia-in-inox-e-scarico-verticale\/\",\"url\":\"https:\/\/www.firstcorporation.it\/fr\/product\/chiusino-sifonato-in-abs-con-griglia-in-inox-e-scarico-verticale\/\",\"name\":\"Siphon de cour en ABS avec grille en inox et sortie verticale | First Corporation\",\"isPartOf\":{\"@id\":\"https:\/\/www.firstcorporation.it\/#website\"},\"primaryImageOfPage\":{\"@id\":\"https:\/\/www.firstcorporation.it\/fr\/product\/chiusino-sifonato-in-abs-con-griglia-in-inox-e-scarico-verticale\/#primaryimage\"},\"image\":{\"@id\":\"https:\/\/www.firstcorporation.it\/fr\/product\/chiusino-sifonato-in-abs-con-griglia-in-inox-e-scarico-verticale\/#primaryimage\"},\"thumbnailUrl\":\"https:\/\/www.firstcorporation.it\/wp-content\/uploads\/2025\/02\/CHABSV1040IN-scaled-1.jpg\",\"datePublished\":\"2024-04-08T04:44:23+00:00\",\"dateModified\":\"2025-07-08T08:17:06+00:00\",\"breadcrumb\":{\"@id\":\"https:\/\/www.firstcorporation.it\/fr\/product\/chiusino-sifonato-in-abs-con-griglia-in-inox-e-scarico-verticale\/#breadcrumb\"},\"inLanguage\":\"fr-FR\",\"potentialAction\":[{\"@type\":\"ReadAction\",\"target\":[\"https:\/\/www.firstcorporation.it\/fr\/product\/chiusino-sifonato-in-abs-con-griglia-in-inox-e-scarico-verticale\/\"]}]},{\"@type\":\"ImageObject\",\"inLanguage\":\"fr-FR\",\"@id\":\"https:\/\/www.firstcorporation.it\/fr\/product\/chiusino-sifonato-in-abs-con-griglia-in-inox-e-scarico-verticale\/#primaryimage\",\"url\":\"https:\/\/www.firstcorporation.it\/wp-content\/uploads\/2025\/02\/CHABSV1040IN-scaled-1.jpg\",\"contentUrl\":\"https:\/\/www.firstcorporation.it\/wp-content\/uploads\/2025\/02\/CHABSV1040IN-scaled-1.jpg\",\"width\":2560,\"height\":2300},{\"@type\":\"BreadcrumbList\",\"@id\":\"https:\/\/www.firstcorporation.it\/fr\/product\/chiusino-sifonato-in-abs-con-griglia-in-inox-e-scarico-verticale\/#breadcrumb\",\"itemListElement\":[{\"@type\":\"ListItem\",\"position\":1,\"name\":\"Home\",\"item\":\"https:\/\/www.firstcorporation.it\/\"},{\"@type\":\"ListItem\",\"position\":2,\"name\":\"Products\",\"item\":\"https:\/\/www.firstcorporation.com\/shop\/\"},{\"@type\":\"ListItem\",\"position\":3,\"name\":\"Siphon de cour en ABS avec grille en inox et sortie verticale\"}]},{\"@type\":\"WebSite\",\"@id\":\"https:\/\/www.firstcorporation.it\/#website\",\"url\":\"https:\/\/www.firstcorporation.it\/\",\"name\":\"First Corporation\",\"description\":\"Componenti plastici per l&#039;edilizia\",\"publisher\":{\"@id\":\"https:\/\/www.firstcorporation.it\/#organization\"},\"potentialAction\":[{\"@type\":\"SearchAction\",\"target\":{\"@type\":\"EntryPoint\",\"urlTemplate\":\"https:\/\/www.firstcorporation.it\/?s={search_term_string}\"},\"query-input\":\"required name=search_term_string\"}],\"inLanguage\":\"fr-FR\"},{\"@type\":\"Organization\",\"@id\":\"https:\/\/www.firstcorporation.it\/#organization\",\"name\":\"First Corporation\",\"alternateName\":\"First Corporation\",\"url\":\"https:\/\/www.firstcorporation.it\/\",\"logo\":{\"@type\":\"ImageObject\",\"inLanguage\":\"fr-FR\",\"@id\":\"https:\/\/www.firstcorporation.it\/#\/schema\/logo\/image\/\",\"url\":\"https:\/\/www.firstcorporation.it\/wp-content\/uploads\/2023\/11\/Screenshot-2023-11-28-alle-16.41.17.png\",\"contentUrl\":\"https:\/\/www.firstcorporation.it\/wp-content\/uploads\/2023\/11\/Screenshot-2023-11-28-alle-16.41.17.png\",\"width\":69,\"height\":69,\"caption\":\"First Corporation\"},\"image\":{\"@id\":\"https:\/\/www.firstcorporation.it\/#\/schema\/logo\/image\/\"},\"sameAs\":[\"https:\/\/www.facebook.com\/FirstSrl\",\"https:\/\/www.linkedin.com\/company\/first-corporation-s-r-l\",\"https:\/\/www.youtube.com\/channel\/UCi7Ykxn5yVRCz99G8mKVv7g\",\"https:\/\/www.instagram.com\/first_corporation_italy\/?hl=it\"]}]}<\/script>\n<!-- \/ Yoast SEO plugin. -->","yoast_head_json":{"title":"Siphon de cour en ABS avec grille en inox et sortie verticale | First Corporation","robots":{"index":"index","follow":"follow","max-snippet":"max-snippet:-1","max-image-preview":"max-image-preview:large","max-video-preview":"max-video-preview:-1"},"canonical":"https:\/\/www.firstcorporation.it\/fr\/product\/chiusino-sifonato-in-abs-con-griglia-in-inox-e-scarico-verticale\/","og_locale":"fr_FR","og_type":"article","og_title":"Siphon de cour en ABS avec grille en inox et sortie verticale | First Corporation","og_description":"Les siphons de cour en ABS sont des produits de sol qui permettent une meilleure \u00e9vacuation de l'eau et des liquides des petits espaces ext\u00e9rieurs tels que les terrasses et surtout des espaces int\u00e9rieurs tels que les salles de bains et les douches.","og_url":"https:\/\/www.firstcorporation.it\/fr\/product\/chiusino-sifonato-in-abs-con-griglia-in-inox-e-scarico-verticale\/","og_site_name":"First Corporation","article_publisher":"https:\/\/www.facebook.com\/FirstSrl","article_modified_time":"2025-07-08T08:17:06+00:00","og_image":[{"width":2560,"height":2300,"url":"https:\/\/www.firstcorporation.it\/wp-content\/uploads\/2025\/02\/CHABSV1040IN-scaled-1.jpg","type":"image\/jpeg"}],"twitter_card":"summary_large_image","twitter_misc":{"Dur\u00e9e de lecture estim\u00e9e":"1 minute"},"schema":{"@context":"https:\/\/schema.org","@graph":[{"@type":"WebPage","@id":"https:\/\/www.firstcorporation.it\/fr\/product\/chiusino-sifonato-in-abs-con-griglia-in-inox-e-scarico-verticale\/","url":"https:\/\/www.firstcorporation.it\/fr\/product\/chiusino-sifonato-in-abs-con-griglia-in-inox-e-scarico-verticale\/","name":"Siphon de cour en ABS avec grille en inox et sortie verticale | First Corporation","isPartOf":{"@id":"https:\/\/www.firstcorporation.it\/#website"},"primaryImageOfPage":{"@id":"https:\/\/www.firstcorporation.it\/fr\/product\/chiusino-sifonato-in-abs-con-griglia-in-inox-e-scarico-verticale\/#primaryimage"},"image":{"@id":"https:\/\/www.firstcorporation.it\/fr\/product\/chiusino-sifonato-in-abs-con-griglia-in-inox-e-scarico-verticale\/#primaryimage"},"thumbnailUrl":"https:\/\/www.firstcorporation.it\/wp-content\/uploads\/2025\/02\/CHABSV1040IN-scaled-1.jpg","datePublished":"2024-04-08T04:44:23+00:00","dateModified":"2025-07-08T08:17:06+00:00","breadcrumb":{"@id":"https:\/\/www.firstcorporation.it\/fr\/product\/chiusino-sifonato-in-abs-con-griglia-in-inox-e-scarico-verticale\/#breadcrumb"},"inLanguage":"fr-FR","potentialAction":[{"@type":"ReadAction","target":["https:\/\/www.firstcorporation.it\/fr\/product\/chiusino-sifonato-in-abs-con-griglia-in-inox-e-scarico-verticale\/"]}]},{"@type":"ImageObject","inLanguage":"fr-FR","@id":"https:\/\/www.firstcorporation.it\/fr\/product\/chiusino-sifonato-in-abs-con-griglia-in-inox-e-scarico-verticale\/#primaryimage","url":"https:\/\/www.firstcorporation.it\/wp-content\/uploads\/2025\/02\/CHABSV1040IN-scaled-1.jpg","contentUrl":"https:\/\/www.firstcorporation.it\/wp-content\/uploads\/2025\/02\/CHABSV1040IN-scaled-1.jpg","width":2560,"height":2300},{"@type":"BreadcrumbList","@id":"https:\/\/www.firstcorporation.it\/fr\/product\/chiusino-sifonato-in-abs-con-griglia-in-inox-e-scarico-verticale\/#breadcrumb","itemListElement":[{"@type":"ListItem","position":1,"name":"Home","item":"https:\/\/www.firstcorporation.it\/"},{"@type":"ListItem","position":2,"name":"Products","item":"https:\/\/www.firstcorporation.com\/shop\/"},{"@type":"ListItem","position":3,"name":"Siphon de cour en ABS avec grille en inox et sortie verticale"}]},{"@type":"WebSite","@id":"https:\/\/www.firstcorporation.it\/#website","url":"https:\/\/www.firstcorporation.it\/","name":"First Corporation","description":"Componenti plastici per l&#039;edilizia","publisher":{"@id":"https:\/\/www.firstcorporation.it\/#organization"},"potentialAction":[{"@type":"SearchAction","target":{"@type":"EntryPoint","urlTemplate":"https:\/\/www.firstcorporation.it\/?s={search_term_string}"},"query-input":"required name=search_term_string"}],"inLanguage":"fr-FR"},{"@type":"Organization","@id":"https:\/\/www.firstcorporation.it\/#organization","name":"First Corporation","alternateName":"First Corporation","url":"https:\/\/www.firstcorporation.it\/","logo":{"@type":"ImageObject","inLanguage":"fr-FR","@id":"https:\/\/www.firstcorporation.it\/#\/schema\/logo\/image\/","url":"https:\/\/www.firstcorporation.it\/wp-content\/uploads\/2023\/11\/Screenshot-2023-11-28-alle-16.41.17.png","contentUrl":"https:\/\/www.firstcorporation.it\/wp-content\/uploads\/2023\/11\/Screenshot-2023-11-28-alle-16.41.17.png","width":69,"height":69,"caption":"First Corporation"},"image":{"@id":"https:\/\/www.firstcorporation.it\/#\/schema\/logo\/image\/"},"sameAs":["https:\/\/www.facebook.com\/FirstSrl","https:\/\/www.linkedin.com\/company\/first-corporation-s-r-l","https:\/\/www.youtube.com\/channel\/UCi7Ykxn5yVRCz99G8mKVv7g","https:\/\/www.instagram.com\/first_corporation_italy\/?hl=it"]}]}},"jetpack_sharing_enabled":true,"_links":{"self":[{"href":"https:\/\/www.firstcorporation.it\/fr\/wp-json\/wp\/v2\/product\/55223"}],"collection":[{"href":"https:\/\/www.firstcorporation.it\/fr\/wp-json\/wp\/v2\/product"}],"about":[{"href":"https:\/\/www.firstcorporation.it\/fr\/wp-json\/wp\/v2\/types\/product"}],"wp:featuredmedia":[{"embeddable":true,"href":"https:\/\/www.firstcorporation.it\/fr\/wp-json\/wp\/v2\/media\/55219"}],"wp:attachment":[{"href":"https:\/\/www.firstcorporation.it\/fr\/wp-json\/wp\/v2\/media?parent=55223"}],"wp:term":[{"taxonomy":"product_cat","embeddable":true,"href":"https:\/\/www.firstcorporation.it\/fr\/wp-json\/wp\/v2\/product_cat?post=55223"},{"taxonomy":"product_tag","embeddable":true,"href":"https:\/\/www.firstcorporation.it\/fr\/wp-json\/wp\/v2\/product_tag?post=55223"},{"taxonomy":"collezione","embeddable":true,"href":"https:\/\/www.firstcorporation.it\/fr\/wp-json\/wp\/v2\/collezione?post=55223"}],"curies":[{"name":"wp","href":"https:\/\/api.w.org\/{rel}","templated":true}]}}