{"id":56054,"date":"2025-02-05T09:16:23","date_gmt":"2025-02-05T09:16:23","guid":{"rendered":"https:\/\/www.firstcorporation.it\/product\/griglia-rettangolare-dentro-fuori\/"},"modified":"2025-03-21T08:01:58","modified_gmt":"2025-03-21T08:01:58","slug":"griglia-rettangolare-dentro-fuori","status":"publish","type":"product","link":"https:\/\/www.firstcorporation.it\/fr\/product\/griglia-rettangolare-dentro-fuori\/","title":{"rendered":"Grilles pliables \u00e0 clipser"},"content":{"rendered":"<p>Cette grille pliable innovante et pratique s\u2019installe sur les murs ext\u00e9rieurs tout en restant \u00e0 l\u2019int\u00e9rieur d\u2019un b\u00e2timent, sans devoir utiliser ni d\u2019\u00e9chelle ni d\u2019\u00e9chafaudage. En cas d\u2019entretien ou de remplacement d\u2019une vieille grille, elle sera facile \u00e0 r\u00e9cup\u00e9rer et sans le moindre risque de la faire tomber gr\u00e2ce \u00e0 la cordelette de s\u00e9curit\u00e9.<\/p>\n","protected":false},"excerpt":{"rendered":"<p>Pratique, s\u00fbr, robuste et innovant, permettant une installation de l&#8217;int\u00e9rieur sans \u00e9chelle ni \u00e9chafaudage.<\/p>\n","protected":false},"featured_media":56050,"template":"","meta":{"_acf_changed":false,"inline_featured_image":false},"product_cat":[7568,7579,7581],"product_tag":[1692,1693],"collezione":[7976],"acf":[],"yoast_head":"<!-- This site is optimized with the Yoast SEO plugin v22.9 - https:\/\/yoast.com\/wordpress\/plugins\/seo\/ -->\n<title>Grilles pliables \u00e0 clipser | First Corporation<\/title>\n<meta name=\"robots\" content=\"index, follow, max-snippet:-1, max-image-preview:large, max-video-preview:-1\" \/>\n<link rel=\"canonical\" href=\"https:\/\/www.firstcorporation.it\/fr\/product\/griglia-rettangolare-dentro-fuori\/\" \/>\n<meta property=\"og:locale\" content=\"fr_FR\" \/>\n<meta property=\"og:type\" content=\"article\" \/>\n<meta property=\"og:title\" content=\"Grilles pliables \u00e0 clipser | First Corporation\" \/>\n<meta property=\"og:description\" content=\"Pratique, s\u00fbr, robuste et innovant, permettant une installation de l&#039;int\u00e9rieur sans \u00e9chelle ni \u00e9chafaudage.\" \/>\n<meta property=\"og:url\" content=\"https:\/\/www.firstcorporation.it\/fr\/product\/griglia-rettangolare-dentro-fuori\/\" \/>\n<meta property=\"og:site_name\" content=\"First Corporation\" \/>\n<meta property=\"article:publisher\" content=\"https:\/\/www.facebook.com\/FirstSrl\" \/>\n<meta property=\"article:modified_time\" content=\"2025-03-21T08:01:58+00:00\" \/>\n<meta property=\"og:image\" content=\"https:\/\/www.firstcorporation.it\/wp-content\/uploads\/2025\/02\/LBDFR1916RA_0.jpg\" \/>\n\t<meta property=\"og:image:width\" content=\"800\" \/>\n\t<meta property=\"og:image:height\" content=\"719\" \/>\n\t<meta property=\"og:image:type\" content=\"image\/jpeg\" \/>\n<meta name=\"twitter:card\" content=\"summary_large_image\" \/>\n<meta name=\"twitter:label1\" content=\"Dur\u00e9e de lecture estim\u00e9e\" \/>\n\t<meta name=\"twitter:data1\" content=\"1 minute\" \/>\n<script type=\"application\/ld+json\" class=\"yoast-schema-graph\">{\"@context\":\"https:\/\/schema.org\",\"@graph\":[{\"@type\":\"WebPage\",\"@id\":\"https:\/\/www.firstcorporation.it\/fr\/product\/griglia-rettangolare-dentro-fuori\/\",\"url\":\"https:\/\/www.firstcorporation.it\/fr\/product\/griglia-rettangolare-dentro-fuori\/\",\"name\":\"Grilles pliables \u00e0 clipser | First Corporation\",\"isPartOf\":{\"@id\":\"https:\/\/www.firstcorporation.it\/#website\"},\"primaryImageOfPage\":{\"@id\":\"https:\/\/www.firstcorporation.it\/fr\/product\/griglia-rettangolare-dentro-fuori\/#primaryimage\"},\"image\":{\"@id\":\"https:\/\/www.firstcorporation.it\/fr\/product\/griglia-rettangolare-dentro-fuori\/#primaryimage\"},\"thumbnailUrl\":\"https:\/\/www.firstcorporation.it\/wp-content\/uploads\/2025\/02\/LBDFR1916RA_0.jpg\",\"datePublished\":\"2025-02-05T09:16:23+00:00\",\"dateModified\":\"2025-03-21T08:01:58+00:00\",\"breadcrumb\":{\"@id\":\"https:\/\/www.firstcorporation.it\/fr\/product\/griglia-rettangolare-dentro-fuori\/#breadcrumb\"},\"inLanguage\":\"fr-FR\",\"potentialAction\":[{\"@type\":\"ReadAction\",\"target\":[\"https:\/\/www.firstcorporation.it\/fr\/product\/griglia-rettangolare-dentro-fuori\/\"]}]},{\"@type\":\"ImageObject\",\"inLanguage\":\"fr-FR\",\"@id\":\"https:\/\/www.firstcorporation.it\/fr\/product\/griglia-rettangolare-dentro-fuori\/#primaryimage\",\"url\":\"https:\/\/www.firstcorporation.it\/wp-content\/uploads\/2025\/02\/LBDFR1916RA_0.jpg\",\"contentUrl\":\"https:\/\/www.firstcorporation.it\/wp-content\/uploads\/2025\/02\/LBDFR1916RA_0.jpg\",\"width\":800,\"height\":719},{\"@type\":\"BreadcrumbList\",\"@id\":\"https:\/\/www.firstcorporation.it\/fr\/product\/griglia-rettangolare-dentro-fuori\/#breadcrumb\",\"itemListElement\":[{\"@type\":\"ListItem\",\"position\":1,\"name\":\"Home\",\"item\":\"https:\/\/www.firstcorporation.it\/\"},{\"@type\":\"ListItem\",\"position\":2,\"name\":\"Products\",\"item\":\"https:\/\/www.firstcorporation.com\/shop\/\"},{\"@type\":\"ListItem\",\"position\":3,\"name\":\"Grilles pliables \u00e0 clipser\"}]},{\"@type\":\"WebSite\",\"@id\":\"https:\/\/www.firstcorporation.it\/#website\",\"url\":\"https:\/\/www.firstcorporation.it\/\",\"name\":\"First Corporation\",\"description\":\"Componenti plastici per l&#039;edilizia\",\"publisher\":{\"@id\":\"https:\/\/www.firstcorporation.it\/#organization\"},\"potentialAction\":[{\"@type\":\"SearchAction\",\"target\":{\"@type\":\"EntryPoint\",\"urlTemplate\":\"https:\/\/www.firstcorporation.it\/?s={search_term_string}\"},\"query-input\":\"required name=search_term_string\"}],\"inLanguage\":\"fr-FR\"},{\"@type\":\"Organization\",\"@id\":\"https:\/\/www.firstcorporation.it\/#organization\",\"name\":\"First Corporation\",\"alternateName\":\"First Corporation\",\"url\":\"https:\/\/www.firstcorporation.it\/\",\"logo\":{\"@type\":\"ImageObject\",\"inLanguage\":\"fr-FR\",\"@id\":\"https:\/\/www.firstcorporation.it\/#\/schema\/logo\/image\/\",\"url\":\"https:\/\/www.firstcorporation.it\/wp-content\/uploads\/2023\/11\/Screenshot-2023-11-28-alle-16.41.17.png\",\"contentUrl\":\"https:\/\/www.firstcorporation.it\/wp-content\/uploads\/2023\/11\/Screenshot-2023-11-28-alle-16.41.17.png\",\"width\":69,\"height\":69,\"caption\":\"First Corporation\"},\"image\":{\"@id\":\"https:\/\/www.firstcorporation.it\/#\/schema\/logo\/image\/\"},\"sameAs\":[\"https:\/\/www.facebook.com\/FirstSrl\",\"https:\/\/www.linkedin.com\/company\/first-corporation-s-r-l\",\"https:\/\/www.youtube.com\/channel\/UCi7Ykxn5yVRCz99G8mKVv7g\",\"https:\/\/www.instagram.com\/first_corporation_italy\/?hl=it\"]}]}<\/script>\n<!-- \/ Yoast SEO plugin. -->","yoast_head_json":{"title":"Grilles pliables \u00e0 clipser | First Corporation","robots":{"index":"index","follow":"follow","max-snippet":"max-snippet:-1","max-image-preview":"max-image-preview:large","max-video-preview":"max-video-preview:-1"},"canonical":"https:\/\/www.firstcorporation.it\/fr\/product\/griglia-rettangolare-dentro-fuori\/","og_locale":"fr_FR","og_type":"article","og_title":"Grilles pliables \u00e0 clipser | First Corporation","og_description":"Pratique, s\u00fbr, robuste et innovant, permettant une installation de l'int\u00e9rieur sans \u00e9chelle ni \u00e9chafaudage.","og_url":"https:\/\/www.firstcorporation.it\/fr\/product\/griglia-rettangolare-dentro-fuori\/","og_site_name":"First Corporation","article_publisher":"https:\/\/www.facebook.com\/FirstSrl","article_modified_time":"2025-03-21T08:01:58+00:00","og_image":[{"width":800,"height":719,"url":"https:\/\/www.firstcorporation.it\/wp-content\/uploads\/2025\/02\/LBDFR1916RA_0.jpg","type":"image\/jpeg"}],"twitter_card":"summary_large_image","twitter_misc":{"Dur\u00e9e de lecture estim\u00e9e":"1 minute"},"schema":{"@context":"https:\/\/schema.org","@graph":[{"@type":"WebPage","@id":"https:\/\/www.firstcorporation.it\/fr\/product\/griglia-rettangolare-dentro-fuori\/","url":"https:\/\/www.firstcorporation.it\/fr\/product\/griglia-rettangolare-dentro-fuori\/","name":"Grilles pliables \u00e0 clipser | First Corporation","isPartOf":{"@id":"https:\/\/www.firstcorporation.it\/#website"},"primaryImageOfPage":{"@id":"https:\/\/www.firstcorporation.it\/fr\/product\/griglia-rettangolare-dentro-fuori\/#primaryimage"},"image":{"@id":"https:\/\/www.firstcorporation.it\/fr\/product\/griglia-rettangolare-dentro-fuori\/#primaryimage"},"thumbnailUrl":"https:\/\/www.firstcorporation.it\/wp-content\/uploads\/2025\/02\/LBDFR1916RA_0.jpg","datePublished":"2025-02-05T09:16:23+00:00","dateModified":"2025-03-21T08:01:58+00:00","breadcrumb":{"@id":"https:\/\/www.firstcorporation.it\/fr\/product\/griglia-rettangolare-dentro-fuori\/#breadcrumb"},"inLanguage":"fr-FR","potentialAction":[{"@type":"ReadAction","target":["https:\/\/www.firstcorporation.it\/fr\/product\/griglia-rettangolare-dentro-fuori\/"]}]},{"@type":"ImageObject","inLanguage":"fr-FR","@id":"https:\/\/www.firstcorporation.it\/fr\/product\/griglia-rettangolare-dentro-fuori\/#primaryimage","url":"https:\/\/www.firstcorporation.it\/wp-content\/uploads\/2025\/02\/LBDFR1916RA_0.jpg","contentUrl":"https:\/\/www.firstcorporation.it\/wp-content\/uploads\/2025\/02\/LBDFR1916RA_0.jpg","width":800,"height":719},{"@type":"BreadcrumbList","@id":"https:\/\/www.firstcorporation.it\/fr\/product\/griglia-rettangolare-dentro-fuori\/#breadcrumb","itemListElement":[{"@type":"ListItem","position":1,"name":"Home","item":"https:\/\/www.firstcorporation.it\/"},{"@type":"ListItem","position":2,"name":"Products","item":"https:\/\/www.firstcorporation.com\/shop\/"},{"@type":"ListItem","position":3,"name":"Grilles pliables \u00e0 clipser"}]},{"@type":"WebSite","@id":"https:\/\/www.firstcorporation.it\/#website","url":"https:\/\/www.firstcorporation.it\/","name":"First Corporation","description":"Componenti plastici per l&#039;edilizia","publisher":{"@id":"https:\/\/www.firstcorporation.it\/#organization"},"potentialAction":[{"@type":"SearchAction","target":{"@type":"EntryPoint","urlTemplate":"https:\/\/www.firstcorporation.it\/?s={search_term_string}"},"query-input":"required name=search_term_string"}],"inLanguage":"fr-FR"},{"@type":"Organization","@id":"https:\/\/www.firstcorporation.it\/#organization","name":"First Corporation","alternateName":"First Corporation","url":"https:\/\/www.firstcorporation.it\/","logo":{"@type":"ImageObject","inLanguage":"fr-FR","@id":"https:\/\/www.firstcorporation.it\/#\/schema\/logo\/image\/","url":"https:\/\/www.firstcorporation.it\/wp-content\/uploads\/2023\/11\/Screenshot-2023-11-28-alle-16.41.17.png","contentUrl":"https:\/\/www.firstcorporation.it\/wp-content\/uploads\/2023\/11\/Screenshot-2023-11-28-alle-16.41.17.png","width":69,"height":69,"caption":"First Corporation"},"image":{"@id":"https:\/\/www.firstcorporation.it\/#\/schema\/logo\/image\/"},"sameAs":["https:\/\/www.facebook.com\/FirstSrl","https:\/\/www.linkedin.com\/company\/first-corporation-s-r-l","https:\/\/www.youtube.com\/channel\/UCi7Ykxn5yVRCz99G8mKVv7g","https:\/\/www.instagram.com\/first_corporation_italy\/?hl=it"]}]}},"jetpack_sharing_enabled":true,"_links":{"self":[{"href":"https:\/\/www.firstcorporation.it\/fr\/wp-json\/wp\/v2\/product\/56054"}],"collection":[{"href":"https:\/\/www.firstcorporation.it\/fr\/wp-json\/wp\/v2\/product"}],"about":[{"href":"https:\/\/www.firstcorporation.it\/fr\/wp-json\/wp\/v2\/types\/product"}],"wp:featuredmedia":[{"embeddable":true,"href":"https:\/\/www.firstcorporation.it\/fr\/wp-json\/wp\/v2\/media\/56050"}],"wp:attachment":[{"href":"https:\/\/www.firstcorporation.it\/fr\/wp-json\/wp\/v2\/media?parent=56054"}],"wp:term":[{"taxonomy":"product_cat","embeddable":true,"href":"https:\/\/www.firstcorporation.it\/fr\/wp-json\/wp\/v2\/product_cat?post=56054"},{"taxonomy":"product_tag","embeddable":true,"href":"https:\/\/www.firstcorporation.it\/fr\/wp-json\/wp\/v2\/product_tag?post=56054"},{"taxonomy":"collezione","embeddable":true,"href":"https:\/\/www.firstcorporation.it\/fr\/wp-json\/wp\/v2\/collezione?post=56054"}],"curies":[{"name":"wp","href":"https:\/\/api.w.org\/{rel}","templated":true}]}}