{"id":56447,"date":"2025-02-05T09:17:57","date_gmt":"2025-02-05T09:17:57","guid":{"rendered":"https:\/\/www.firstcorporation.it\/product\/staffa-rapida-a-parete-per-unita-esterna\/"},"modified":"2025-03-24T11:39:16","modified_gmt":"2025-03-24T11:39:16","slug":"staffa-rapida-a-parete-per-unita-esterna","status":"publish","type":"product","link":"https:\/\/www.firstcorporation.it\/fr\/product\/staffa-rapida-a-parete-per-unita-esterna\/","title":{"rendered":"Support mural pour climatiseur ext\u00e9rieur"},"content":{"rendered":"","protected":false},"excerpt":{"rendered":"<p>Universel, r\u00e9glable et \u00e9quip\u00e9 d&#8217;une fixation \u00e0 vis \u00e0 d\u00e9gagement rapide<\/p>\n","protected":false},"featured_media":56443,"template":"","meta":{"_acf_changed":false,"inline_featured_image":false},"product_cat":[7588,7597],"product_tag":[1601],"collezione":[7976],"acf":[],"yoast_head":"<!-- This site is optimized with the Yoast SEO plugin v22.9 - https:\/\/yoast.com\/wordpress\/plugins\/seo\/ -->\n<title>Support mural pour climatiseur ext\u00e9rieur | First Corporation<\/title>\n<meta name=\"robots\" content=\"index, follow, max-snippet:-1, max-image-preview:large, max-video-preview:-1\" \/>\n<link rel=\"canonical\" href=\"https:\/\/www.firstcorporation.it\/fr\/product\/staffa-rapida-a-parete-per-unita-esterna\/\" \/>\n<meta property=\"og:locale\" content=\"fr_FR\" \/>\n<meta property=\"og:type\" content=\"article\" \/>\n<meta property=\"og:title\" content=\"Support mural pour climatiseur ext\u00e9rieur | First Corporation\" \/>\n<meta property=\"og:description\" content=\"Universel, r\u00e9glable et \u00e9quip\u00e9 d&#039;une fixation \u00e0 vis \u00e0 d\u00e9gagement rapide\" \/>\n<meta property=\"og:url\" content=\"https:\/\/www.firstcorporation.it\/fr\/product\/staffa-rapida-a-parete-per-unita-esterna\/\" \/>\n<meta property=\"og:site_name\" content=\"First Corporation\" \/>\n<meta property=\"article:publisher\" content=\"https:\/\/www.facebook.com\/FirstSrl\" \/>\n<meta property=\"article:modified_time\" content=\"2025-03-24T11:39:16+00:00\" \/>\n<meta property=\"og:image\" content=\"https:\/\/www.firstcorporation.it\/wp-content\/uploads\/2025\/02\/EPSR420AG-p.jpg\" \/>\n\t<meta property=\"og:image:width\" content=\"800\" \/>\n\t<meta property=\"og:image:height\" content=\"719\" \/>\n\t<meta property=\"og:image:type\" content=\"image\/jpeg\" \/>\n<meta name=\"twitter:card\" content=\"summary_large_image\" \/>\n<meta name=\"twitter:label1\" content=\"Dur\u00e9e de lecture estim\u00e9e\" \/>\n\t<meta name=\"twitter:data1\" content=\"1 minute\" \/>\n<script type=\"application\/ld+json\" class=\"yoast-schema-graph\">{\"@context\":\"https:\/\/schema.org\",\"@graph\":[{\"@type\":\"WebPage\",\"@id\":\"https:\/\/www.firstcorporation.it\/fr\/product\/staffa-rapida-a-parete-per-unita-esterna\/\",\"url\":\"https:\/\/www.firstcorporation.it\/fr\/product\/staffa-rapida-a-parete-per-unita-esterna\/\",\"name\":\"Support mural pour climatiseur ext\u00e9rieur | First Corporation\",\"isPartOf\":{\"@id\":\"https:\/\/www.firstcorporation.it\/#website\"},\"primaryImageOfPage\":{\"@id\":\"https:\/\/www.firstcorporation.it\/fr\/product\/staffa-rapida-a-parete-per-unita-esterna\/#primaryimage\"},\"image\":{\"@id\":\"https:\/\/www.firstcorporation.it\/fr\/product\/staffa-rapida-a-parete-per-unita-esterna\/#primaryimage\"},\"thumbnailUrl\":\"https:\/\/www.firstcorporation.it\/wp-content\/uploads\/2025\/02\/EPSR420AG-p.jpg\",\"datePublished\":\"2025-02-05T09:17:57+00:00\",\"dateModified\":\"2025-03-24T11:39:16+00:00\",\"breadcrumb\":{\"@id\":\"https:\/\/www.firstcorporation.it\/fr\/product\/staffa-rapida-a-parete-per-unita-esterna\/#breadcrumb\"},\"inLanguage\":\"fr-FR\",\"potentialAction\":[{\"@type\":\"ReadAction\",\"target\":[\"https:\/\/www.firstcorporation.it\/fr\/product\/staffa-rapida-a-parete-per-unita-esterna\/\"]}]},{\"@type\":\"ImageObject\",\"inLanguage\":\"fr-FR\",\"@id\":\"https:\/\/www.firstcorporation.it\/fr\/product\/staffa-rapida-a-parete-per-unita-esterna\/#primaryimage\",\"url\":\"https:\/\/www.firstcorporation.it\/wp-content\/uploads\/2025\/02\/EPSR420AG-p.jpg\",\"contentUrl\":\"https:\/\/www.firstcorporation.it\/wp-content\/uploads\/2025\/02\/EPSR420AG-p.jpg\",\"width\":800,\"height\":719},{\"@type\":\"BreadcrumbList\",\"@id\":\"https:\/\/www.firstcorporation.it\/fr\/product\/staffa-rapida-a-parete-per-unita-esterna\/#breadcrumb\",\"itemListElement\":[{\"@type\":\"ListItem\",\"position\":1,\"name\":\"Home\",\"item\":\"https:\/\/www.firstcorporation.it\/\"},{\"@type\":\"ListItem\",\"position\":2,\"name\":\"Products\",\"item\":\"https:\/\/www.firstcorporation.com\/shop\/\"},{\"@type\":\"ListItem\",\"position\":3,\"name\":\"Support mural pour climatiseur ext\u00e9rieur\"}]},{\"@type\":\"WebSite\",\"@id\":\"https:\/\/www.firstcorporation.it\/#website\",\"url\":\"https:\/\/www.firstcorporation.it\/\",\"name\":\"First Corporation\",\"description\":\"Componenti plastici per l&#039;edilizia\",\"publisher\":{\"@id\":\"https:\/\/www.firstcorporation.it\/#organization\"},\"potentialAction\":[{\"@type\":\"SearchAction\",\"target\":{\"@type\":\"EntryPoint\",\"urlTemplate\":\"https:\/\/www.firstcorporation.it\/?s={search_term_string}\"},\"query-input\":\"required name=search_term_string\"}],\"inLanguage\":\"fr-FR\"},{\"@type\":\"Organization\",\"@id\":\"https:\/\/www.firstcorporation.it\/#organization\",\"name\":\"First Corporation\",\"alternateName\":\"First Corporation\",\"url\":\"https:\/\/www.firstcorporation.it\/\",\"logo\":{\"@type\":\"ImageObject\",\"inLanguage\":\"fr-FR\",\"@id\":\"https:\/\/www.firstcorporation.it\/#\/schema\/logo\/image\/\",\"url\":\"https:\/\/www.firstcorporation.it\/wp-content\/uploads\/2023\/11\/Screenshot-2023-11-28-alle-16.41.17.png\",\"contentUrl\":\"https:\/\/www.firstcorporation.it\/wp-content\/uploads\/2023\/11\/Screenshot-2023-11-28-alle-16.41.17.png\",\"width\":69,\"height\":69,\"caption\":\"First Corporation\"},\"image\":{\"@id\":\"https:\/\/www.firstcorporation.it\/#\/schema\/logo\/image\/\"},\"sameAs\":[\"https:\/\/www.facebook.com\/FirstSrl\",\"https:\/\/www.linkedin.com\/company\/first-corporation-s-r-l\",\"https:\/\/www.youtube.com\/channel\/UCi7Ykxn5yVRCz99G8mKVv7g\",\"https:\/\/www.instagram.com\/first_corporation_italy\/?hl=it\"]}]}<\/script>\n<!-- \/ Yoast SEO plugin. -->","yoast_head_json":{"title":"Support mural pour climatiseur ext\u00e9rieur | First Corporation","robots":{"index":"index","follow":"follow","max-snippet":"max-snippet:-1","max-image-preview":"max-image-preview:large","max-video-preview":"max-video-preview:-1"},"canonical":"https:\/\/www.firstcorporation.it\/fr\/product\/staffa-rapida-a-parete-per-unita-esterna\/","og_locale":"fr_FR","og_type":"article","og_title":"Support mural pour climatiseur ext\u00e9rieur | First Corporation","og_description":"Universel, r\u00e9glable et \u00e9quip\u00e9 d'une fixation \u00e0 vis \u00e0 d\u00e9gagement rapide","og_url":"https:\/\/www.firstcorporation.it\/fr\/product\/staffa-rapida-a-parete-per-unita-esterna\/","og_site_name":"First Corporation","article_publisher":"https:\/\/www.facebook.com\/FirstSrl","article_modified_time":"2025-03-24T11:39:16+00:00","og_image":[{"width":800,"height":719,"url":"https:\/\/www.firstcorporation.it\/wp-content\/uploads\/2025\/02\/EPSR420AG-p.jpg","type":"image\/jpeg"}],"twitter_card":"summary_large_image","twitter_misc":{"Dur\u00e9e de lecture estim\u00e9e":"1 minute"},"schema":{"@context":"https:\/\/schema.org","@graph":[{"@type":"WebPage","@id":"https:\/\/www.firstcorporation.it\/fr\/product\/staffa-rapida-a-parete-per-unita-esterna\/","url":"https:\/\/www.firstcorporation.it\/fr\/product\/staffa-rapida-a-parete-per-unita-esterna\/","name":"Support mural pour climatiseur ext\u00e9rieur | First Corporation","isPartOf":{"@id":"https:\/\/www.firstcorporation.it\/#website"},"primaryImageOfPage":{"@id":"https:\/\/www.firstcorporation.it\/fr\/product\/staffa-rapida-a-parete-per-unita-esterna\/#primaryimage"},"image":{"@id":"https:\/\/www.firstcorporation.it\/fr\/product\/staffa-rapida-a-parete-per-unita-esterna\/#primaryimage"},"thumbnailUrl":"https:\/\/www.firstcorporation.it\/wp-content\/uploads\/2025\/02\/EPSR420AG-p.jpg","datePublished":"2025-02-05T09:17:57+00:00","dateModified":"2025-03-24T11:39:16+00:00","breadcrumb":{"@id":"https:\/\/www.firstcorporation.it\/fr\/product\/staffa-rapida-a-parete-per-unita-esterna\/#breadcrumb"},"inLanguage":"fr-FR","potentialAction":[{"@type":"ReadAction","target":["https:\/\/www.firstcorporation.it\/fr\/product\/staffa-rapida-a-parete-per-unita-esterna\/"]}]},{"@type":"ImageObject","inLanguage":"fr-FR","@id":"https:\/\/www.firstcorporation.it\/fr\/product\/staffa-rapida-a-parete-per-unita-esterna\/#primaryimage","url":"https:\/\/www.firstcorporation.it\/wp-content\/uploads\/2025\/02\/EPSR420AG-p.jpg","contentUrl":"https:\/\/www.firstcorporation.it\/wp-content\/uploads\/2025\/02\/EPSR420AG-p.jpg","width":800,"height":719},{"@type":"BreadcrumbList","@id":"https:\/\/www.firstcorporation.it\/fr\/product\/staffa-rapida-a-parete-per-unita-esterna\/#breadcrumb","itemListElement":[{"@type":"ListItem","position":1,"name":"Home","item":"https:\/\/www.firstcorporation.it\/"},{"@type":"ListItem","position":2,"name":"Products","item":"https:\/\/www.firstcorporation.com\/shop\/"},{"@type":"ListItem","position":3,"name":"Support mural pour climatiseur ext\u00e9rieur"}]},{"@type":"WebSite","@id":"https:\/\/www.firstcorporation.it\/#website","url":"https:\/\/www.firstcorporation.it\/","name":"First Corporation","description":"Componenti plastici per l&#039;edilizia","publisher":{"@id":"https:\/\/www.firstcorporation.it\/#organization"},"potentialAction":[{"@type":"SearchAction","target":{"@type":"EntryPoint","urlTemplate":"https:\/\/www.firstcorporation.it\/?s={search_term_string}"},"query-input":"required name=search_term_string"}],"inLanguage":"fr-FR"},{"@type":"Organization","@id":"https:\/\/www.firstcorporation.it\/#organization","name":"First Corporation","alternateName":"First Corporation","url":"https:\/\/www.firstcorporation.it\/","logo":{"@type":"ImageObject","inLanguage":"fr-FR","@id":"https:\/\/www.firstcorporation.it\/#\/schema\/logo\/image\/","url":"https:\/\/www.firstcorporation.it\/wp-content\/uploads\/2023\/11\/Screenshot-2023-11-28-alle-16.41.17.png","contentUrl":"https:\/\/www.firstcorporation.it\/wp-content\/uploads\/2023\/11\/Screenshot-2023-11-28-alle-16.41.17.png","width":69,"height":69,"caption":"First Corporation"},"image":{"@id":"https:\/\/www.firstcorporation.it\/#\/schema\/logo\/image\/"},"sameAs":["https:\/\/www.facebook.com\/FirstSrl","https:\/\/www.linkedin.com\/company\/first-corporation-s-r-l","https:\/\/www.youtube.com\/channel\/UCi7Ykxn5yVRCz99G8mKVv7g","https:\/\/www.instagram.com\/first_corporation_italy\/?hl=it"]}]}},"jetpack_sharing_enabled":true,"_links":{"self":[{"href":"https:\/\/www.firstcorporation.it\/fr\/wp-json\/wp\/v2\/product\/56447"}],"collection":[{"href":"https:\/\/www.firstcorporation.it\/fr\/wp-json\/wp\/v2\/product"}],"about":[{"href":"https:\/\/www.firstcorporation.it\/fr\/wp-json\/wp\/v2\/types\/product"}],"wp:featuredmedia":[{"embeddable":true,"href":"https:\/\/www.firstcorporation.it\/fr\/wp-json\/wp\/v2\/media\/56443"}],"wp:attachment":[{"href":"https:\/\/www.firstcorporation.it\/fr\/wp-json\/wp\/v2\/media?parent=56447"}],"wp:term":[{"taxonomy":"product_cat","embeddable":true,"href":"https:\/\/www.firstcorporation.it\/fr\/wp-json\/wp\/v2\/product_cat?post=56447"},{"taxonomy":"product_tag","embeddable":true,"href":"https:\/\/www.firstcorporation.it\/fr\/wp-json\/wp\/v2\/product_tag?post=56447"},{"taxonomy":"collezione","embeddable":true,"href":"https:\/\/www.firstcorporation.it\/fr\/wp-json\/wp\/v2\/collezione?post=56447"}],"curies":[{"name":"wp","href":"https:\/\/api.w.org\/{rel}","templated":true}]}}