{"id":57949,"date":"2024-04-08T04:47:46","date_gmt":"2024-04-08T04:47:46","guid":{"rendered":"https:\/\/www.firstcorporation.it\/product\/coperchio-160x160-mm-grigio-in-polipropilene\/"},"modified":"2025-07-08T13:04:35","modified_gmt":"2025-07-08T13:04:35","slug":"coperchio-160x160-mm-grigio-in-polipropilene","status":"publish","type":"product","link":"https:\/\/www.firstcorporation.it\/fr\/product\/coperchio-160x160-mm-grigio-in-polipropilene\/","title":{"rendered":"Tampon mm. 160&#215;160 gris en polypropyl\u00e8ne"},"content":{"rendered":"","protected":false},"excerpt":{"rendered":"<p>Les couvercles sont des \u00e9l\u00e9ments id\u00e9aux pour fermer les regards et les inspecter par la suite. En raison de leur esth\u00e9tique et de leur fonctionnalit\u00e9, ils trouvent une application appropri\u00e9e sur tous les types de rev\u00eatements de sol.<\/p>\n","protected":false},"featured_media":57945,"template":"","meta":{"_acf_changed":false,"inline_featured_image":false},"product_cat":[7538,7562],"product_tag":[1567],"collezione":[7975],"acf":[],"yoast_head":"<!-- This site is optimized with the Yoast SEO plugin v22.9 - https:\/\/yoast.com\/wordpress\/plugins\/seo\/ -->\n<title>Tampon mm. 160x160 gris en polypropyl\u00e8ne | First Corporation<\/title>\n<meta name=\"robots\" content=\"index, follow, max-snippet:-1, max-image-preview:large, max-video-preview:-1\" \/>\n<link rel=\"canonical\" href=\"https:\/\/www.firstcorporation.it\/fr\/product\/coperchio-160x160-mm-grigio-in-polipropilene\/\" \/>\n<meta property=\"og:locale\" content=\"fr_FR\" \/>\n<meta property=\"og:type\" content=\"article\" \/>\n<meta property=\"og:title\" content=\"Tampon mm. 160x160 gris en polypropyl\u00e8ne | First Corporation\" \/>\n<meta property=\"og:description\" content=\"Les couvercles sont des \u00e9l\u00e9ments id\u00e9aux pour fermer les regards et les inspecter par la suite. En raison de leur esth\u00e9tique et de leur fonctionnalit\u00e9, ils trouvent une application appropri\u00e9e sur tous les types de rev\u00eatements de sol.\" \/>\n<meta property=\"og:url\" content=\"https:\/\/www.firstcorporation.it\/fr\/product\/coperchio-160x160-mm-grigio-in-polipropilene\/\" \/>\n<meta property=\"og:site_name\" content=\"First Corporation\" \/>\n<meta property=\"article:publisher\" content=\"https:\/\/www.facebook.com\/FirstSrl\" \/>\n<meta property=\"article:modified_time\" content=\"2025-07-08T13:04:35+00:00\" \/>\n<meta property=\"og:image\" content=\"https:\/\/www.firstcorporation.it\/wp-content\/uploads\/2025\/02\/CSP160-scaled-1.jpg\" \/>\n\t<meta property=\"og:image:width\" content=\"2560\" \/>\n\t<meta property=\"og:image:height\" content=\"2301\" \/>\n\t<meta property=\"og:image:type\" content=\"image\/jpeg\" \/>\n<meta name=\"twitter:card\" content=\"summary_large_image\" \/>\n<meta name=\"twitter:label1\" content=\"Dur\u00e9e de lecture estim\u00e9e\" \/>\n\t<meta name=\"twitter:data1\" content=\"1 minute\" \/>\n<script type=\"application\/ld+json\" class=\"yoast-schema-graph\">{\"@context\":\"https:\/\/schema.org\",\"@graph\":[{\"@type\":\"WebPage\",\"@id\":\"https:\/\/www.firstcorporation.it\/fr\/product\/coperchio-160x160-mm-grigio-in-polipropilene\/\",\"url\":\"https:\/\/www.firstcorporation.it\/fr\/product\/coperchio-160x160-mm-grigio-in-polipropilene\/\",\"name\":\"Tampon mm. 160x160 gris en polypropyl\u00e8ne | First Corporation\",\"isPartOf\":{\"@id\":\"https:\/\/www.firstcorporation.it\/#website\"},\"primaryImageOfPage\":{\"@id\":\"https:\/\/www.firstcorporation.it\/fr\/product\/coperchio-160x160-mm-grigio-in-polipropilene\/#primaryimage\"},\"image\":{\"@id\":\"https:\/\/www.firstcorporation.it\/fr\/product\/coperchio-160x160-mm-grigio-in-polipropilene\/#primaryimage\"},\"thumbnailUrl\":\"https:\/\/www.firstcorporation.it\/wp-content\/uploads\/2025\/02\/CSP160-scaled-1.jpg\",\"datePublished\":\"2024-04-08T04:47:46+00:00\",\"dateModified\":\"2025-07-08T13:04:35+00:00\",\"breadcrumb\":{\"@id\":\"https:\/\/www.firstcorporation.it\/fr\/product\/coperchio-160x160-mm-grigio-in-polipropilene\/#breadcrumb\"},\"inLanguage\":\"fr-FR\",\"potentialAction\":[{\"@type\":\"ReadAction\",\"target\":[\"https:\/\/www.firstcorporation.it\/fr\/product\/coperchio-160x160-mm-grigio-in-polipropilene\/\"]}]},{\"@type\":\"ImageObject\",\"inLanguage\":\"fr-FR\",\"@id\":\"https:\/\/www.firstcorporation.it\/fr\/product\/coperchio-160x160-mm-grigio-in-polipropilene\/#primaryimage\",\"url\":\"https:\/\/www.firstcorporation.it\/wp-content\/uploads\/2025\/02\/CSP160-scaled-1.jpg\",\"contentUrl\":\"https:\/\/www.firstcorporation.it\/wp-content\/uploads\/2025\/02\/CSP160-scaled-1.jpg\",\"width\":2560,\"height\":2301},{\"@type\":\"BreadcrumbList\",\"@id\":\"https:\/\/www.firstcorporation.it\/fr\/product\/coperchio-160x160-mm-grigio-in-polipropilene\/#breadcrumb\",\"itemListElement\":[{\"@type\":\"ListItem\",\"position\":1,\"name\":\"Home\",\"item\":\"https:\/\/www.firstcorporation.it\/\"},{\"@type\":\"ListItem\",\"position\":2,\"name\":\"Products\",\"item\":\"https:\/\/www.firstcorporation.com\/shop\/\"},{\"@type\":\"ListItem\",\"position\":3,\"name\":\"Tampon mm. 160&#215;160 gris en polypropyl\u00e8ne\"}]},{\"@type\":\"WebSite\",\"@id\":\"https:\/\/www.firstcorporation.it\/#website\",\"url\":\"https:\/\/www.firstcorporation.it\/\",\"name\":\"First Corporation\",\"description\":\"Componenti plastici per l&#039;edilizia\",\"publisher\":{\"@id\":\"https:\/\/www.firstcorporation.it\/#organization\"},\"potentialAction\":[{\"@type\":\"SearchAction\",\"target\":{\"@type\":\"EntryPoint\",\"urlTemplate\":\"https:\/\/www.firstcorporation.it\/?s={search_term_string}\"},\"query-input\":\"required name=search_term_string\"}],\"inLanguage\":\"fr-FR\"},{\"@type\":\"Organization\",\"@id\":\"https:\/\/www.firstcorporation.it\/#organization\",\"name\":\"First Corporation\",\"alternateName\":\"First Corporation\",\"url\":\"https:\/\/www.firstcorporation.it\/\",\"logo\":{\"@type\":\"ImageObject\",\"inLanguage\":\"fr-FR\",\"@id\":\"https:\/\/www.firstcorporation.it\/#\/schema\/logo\/image\/\",\"url\":\"https:\/\/www.firstcorporation.it\/wp-content\/uploads\/2023\/11\/Screenshot-2023-11-28-alle-16.41.17.png\",\"contentUrl\":\"https:\/\/www.firstcorporation.it\/wp-content\/uploads\/2023\/11\/Screenshot-2023-11-28-alle-16.41.17.png\",\"width\":69,\"height\":69,\"caption\":\"First Corporation\"},\"image\":{\"@id\":\"https:\/\/www.firstcorporation.it\/#\/schema\/logo\/image\/\"},\"sameAs\":[\"https:\/\/www.facebook.com\/FirstSrl\",\"https:\/\/www.linkedin.com\/company\/first-corporation-s-r-l\",\"https:\/\/www.youtube.com\/channel\/UCi7Ykxn5yVRCz99G8mKVv7g\",\"https:\/\/www.instagram.com\/first_corporation_italy\/?hl=it\"]}]}<\/script>\n<!-- \/ Yoast SEO plugin. -->","yoast_head_json":{"title":"Tampon mm. 160x160 gris en polypropyl\u00e8ne | First Corporation","robots":{"index":"index","follow":"follow","max-snippet":"max-snippet:-1","max-image-preview":"max-image-preview:large","max-video-preview":"max-video-preview:-1"},"canonical":"https:\/\/www.firstcorporation.it\/fr\/product\/coperchio-160x160-mm-grigio-in-polipropilene\/","og_locale":"fr_FR","og_type":"article","og_title":"Tampon mm. 160x160 gris en polypropyl\u00e8ne | First Corporation","og_description":"Les couvercles sont des \u00e9l\u00e9ments id\u00e9aux pour fermer les regards et les inspecter par la suite. En raison de leur esth\u00e9tique et de leur fonctionnalit\u00e9, ils trouvent une application appropri\u00e9e sur tous les types de rev\u00eatements de sol.","og_url":"https:\/\/www.firstcorporation.it\/fr\/product\/coperchio-160x160-mm-grigio-in-polipropilene\/","og_site_name":"First Corporation","article_publisher":"https:\/\/www.facebook.com\/FirstSrl","article_modified_time":"2025-07-08T13:04:35+00:00","og_image":[{"width":2560,"height":2301,"url":"https:\/\/www.firstcorporation.it\/wp-content\/uploads\/2025\/02\/CSP160-scaled-1.jpg","type":"image\/jpeg"}],"twitter_card":"summary_large_image","twitter_misc":{"Dur\u00e9e de lecture estim\u00e9e":"1 minute"},"schema":{"@context":"https:\/\/schema.org","@graph":[{"@type":"WebPage","@id":"https:\/\/www.firstcorporation.it\/fr\/product\/coperchio-160x160-mm-grigio-in-polipropilene\/","url":"https:\/\/www.firstcorporation.it\/fr\/product\/coperchio-160x160-mm-grigio-in-polipropilene\/","name":"Tampon mm. 160x160 gris en polypropyl\u00e8ne | First Corporation","isPartOf":{"@id":"https:\/\/www.firstcorporation.it\/#website"},"primaryImageOfPage":{"@id":"https:\/\/www.firstcorporation.it\/fr\/product\/coperchio-160x160-mm-grigio-in-polipropilene\/#primaryimage"},"image":{"@id":"https:\/\/www.firstcorporation.it\/fr\/product\/coperchio-160x160-mm-grigio-in-polipropilene\/#primaryimage"},"thumbnailUrl":"https:\/\/www.firstcorporation.it\/wp-content\/uploads\/2025\/02\/CSP160-scaled-1.jpg","datePublished":"2024-04-08T04:47:46+00:00","dateModified":"2025-07-08T13:04:35+00:00","breadcrumb":{"@id":"https:\/\/www.firstcorporation.it\/fr\/product\/coperchio-160x160-mm-grigio-in-polipropilene\/#breadcrumb"},"inLanguage":"fr-FR","potentialAction":[{"@type":"ReadAction","target":["https:\/\/www.firstcorporation.it\/fr\/product\/coperchio-160x160-mm-grigio-in-polipropilene\/"]}]},{"@type":"ImageObject","inLanguage":"fr-FR","@id":"https:\/\/www.firstcorporation.it\/fr\/product\/coperchio-160x160-mm-grigio-in-polipropilene\/#primaryimage","url":"https:\/\/www.firstcorporation.it\/wp-content\/uploads\/2025\/02\/CSP160-scaled-1.jpg","contentUrl":"https:\/\/www.firstcorporation.it\/wp-content\/uploads\/2025\/02\/CSP160-scaled-1.jpg","width":2560,"height":2301},{"@type":"BreadcrumbList","@id":"https:\/\/www.firstcorporation.it\/fr\/product\/coperchio-160x160-mm-grigio-in-polipropilene\/#breadcrumb","itemListElement":[{"@type":"ListItem","position":1,"name":"Home","item":"https:\/\/www.firstcorporation.it\/"},{"@type":"ListItem","position":2,"name":"Products","item":"https:\/\/www.firstcorporation.com\/shop\/"},{"@type":"ListItem","position":3,"name":"Tampon mm. 160&#215;160 gris en polypropyl\u00e8ne"}]},{"@type":"WebSite","@id":"https:\/\/www.firstcorporation.it\/#website","url":"https:\/\/www.firstcorporation.it\/","name":"First Corporation","description":"Componenti plastici per l&#039;edilizia","publisher":{"@id":"https:\/\/www.firstcorporation.it\/#organization"},"potentialAction":[{"@type":"SearchAction","target":{"@type":"EntryPoint","urlTemplate":"https:\/\/www.firstcorporation.it\/?s={search_term_string}"},"query-input":"required name=search_term_string"}],"inLanguage":"fr-FR"},{"@type":"Organization","@id":"https:\/\/www.firstcorporation.it\/#organization","name":"First Corporation","alternateName":"First Corporation","url":"https:\/\/www.firstcorporation.it\/","logo":{"@type":"ImageObject","inLanguage":"fr-FR","@id":"https:\/\/www.firstcorporation.it\/#\/schema\/logo\/image\/","url":"https:\/\/www.firstcorporation.it\/wp-content\/uploads\/2023\/11\/Screenshot-2023-11-28-alle-16.41.17.png","contentUrl":"https:\/\/www.firstcorporation.it\/wp-content\/uploads\/2023\/11\/Screenshot-2023-11-28-alle-16.41.17.png","width":69,"height":69,"caption":"First Corporation"},"image":{"@id":"https:\/\/www.firstcorporation.it\/#\/schema\/logo\/image\/"},"sameAs":["https:\/\/www.facebook.com\/FirstSrl","https:\/\/www.linkedin.com\/company\/first-corporation-s-r-l","https:\/\/www.youtube.com\/channel\/UCi7Ykxn5yVRCz99G8mKVv7g","https:\/\/www.instagram.com\/first_corporation_italy\/?hl=it"]}]}},"jetpack_sharing_enabled":true,"_links":{"self":[{"href":"https:\/\/www.firstcorporation.it\/fr\/wp-json\/wp\/v2\/product\/57949"}],"collection":[{"href":"https:\/\/www.firstcorporation.it\/fr\/wp-json\/wp\/v2\/product"}],"about":[{"href":"https:\/\/www.firstcorporation.it\/fr\/wp-json\/wp\/v2\/types\/product"}],"wp:featuredmedia":[{"embeddable":true,"href":"https:\/\/www.firstcorporation.it\/fr\/wp-json\/wp\/v2\/media\/57945"}],"wp:attachment":[{"href":"https:\/\/www.firstcorporation.it\/fr\/wp-json\/wp\/v2\/media?parent=57949"}],"wp:term":[{"taxonomy":"product_cat","embeddable":true,"href":"https:\/\/www.firstcorporation.it\/fr\/wp-json\/wp\/v2\/product_cat?post=57949"},{"taxonomy":"product_tag","embeddable":true,"href":"https:\/\/www.firstcorporation.it\/fr\/wp-json\/wp\/v2\/product_tag?post=57949"},{"taxonomy":"collezione","embeddable":true,"href":"https:\/\/www.firstcorporation.it\/fr\/wp-json\/wp\/v2\/collezione?post=57949"}],"curies":[{"name":"wp","href":"https:\/\/api.w.org\/{rel}","templated":true}]}}