{"id":58988,"date":"2025-02-05T09:34:35","date_gmt":"2025-02-05T09:34:35","guid":{"rendered":"https:\/\/www.firstcorporation.it\/product\/recuperatore-di-calore-a-doppio-flusso-v-eco100\/"},"modified":"2025-03-19T08:43:38","modified_gmt":"2025-03-19T08:43:38","slug":"recuperatore-di-calore-a-doppio-flusso-v-eco100","status":"publish","type":"product","link":"https:\/\/www.firstcorporation.it\/fr\/product\/recuperatore-di-calore-a-doppio-flusso-v-eco100\/","title":{"rendered":"Extracteur avec r\u00e9cup\u00e9ration de chaleur V-ECO100"},"content":{"rendered":"","protected":false},"excerpt":{"rendered":"<p>Convient \u00e0 l&#8217;installation dans les petites pi\u00e8ces telles que les chambres \u00e0 coucher, les salles de bains, les buanderies, pour assurer l&#8217;extraction continue de l&#8217;air chaud vici\u00e9 et l&#8217;admission de l&#8217;air neuf ext\u00e9rieur pr\u00e9chauff\u00e9.<\/p>\n","protected":false},"featured_media":58984,"template":"","meta":{"_acf_changed":false,"inline_featured_image":false},"product_cat":[7614,7629],"product_tag":[1601],"collezione":[7976],"acf":[],"yoast_head":"<!-- This site is optimized with the Yoast SEO plugin v22.9 - https:\/\/yoast.com\/wordpress\/plugins\/seo\/ -->\n<title>Extracteur avec r\u00e9cup\u00e9ration de chaleur V-ECO100 | First Corporation<\/title>\n<meta name=\"robots\" content=\"index, follow, max-snippet:-1, max-image-preview:large, max-video-preview:-1\" \/>\n<link rel=\"canonical\" href=\"https:\/\/www.firstcorporation.it\/fr\/product\/recuperatore-di-calore-a-doppio-flusso-v-eco100\/\" \/>\n<meta property=\"og:locale\" content=\"fr_FR\" \/>\n<meta property=\"og:type\" content=\"article\" \/>\n<meta property=\"og:title\" content=\"Extracteur avec r\u00e9cup\u00e9ration de chaleur V-ECO100 | First Corporation\" \/>\n<meta property=\"og:description\" content=\"Convient \u00e0 l&#039;installation dans les petites pi\u00e8ces telles que les chambres \u00e0 coucher, les salles de bains, les buanderies, pour assurer l&#039;extraction continue de l&#039;air chaud vici\u00e9 et l&#039;admission de l&#039;air neuf ext\u00e9rieur pr\u00e9chauff\u00e9.\" \/>\n<meta property=\"og:url\" content=\"https:\/\/www.firstcorporation.it\/fr\/product\/recuperatore-di-calore-a-doppio-flusso-v-eco100\/\" \/>\n<meta property=\"og:site_name\" content=\"First Corporation\" \/>\n<meta property=\"article:publisher\" content=\"https:\/\/www.facebook.com\/FirstSrl\" \/>\n<meta property=\"article:modified_time\" content=\"2025-03-19T08:43:38+00:00\" \/>\n<meta property=\"og:image\" content=\"https:\/\/www.firstcorporation.it\/wp-content\/uploads\/2025\/02\/evo-100.jpg\" \/>\n\t<meta property=\"og:image:width\" content=\"800\" \/>\n\t<meta property=\"og:image:height\" content=\"719\" \/>\n\t<meta property=\"og:image:type\" content=\"image\/jpeg\" \/>\n<meta name=\"twitter:card\" content=\"summary_large_image\" \/>\n<meta name=\"twitter:label1\" content=\"Dur\u00e9e de lecture estim\u00e9e\" \/>\n\t<meta name=\"twitter:data1\" content=\"2 minutes\" \/>\n<script type=\"application\/ld+json\" class=\"yoast-schema-graph\">{\"@context\":\"https:\/\/schema.org\",\"@graph\":[{\"@type\":\"WebPage\",\"@id\":\"https:\/\/www.firstcorporation.it\/fr\/product\/recuperatore-di-calore-a-doppio-flusso-v-eco100\/\",\"url\":\"https:\/\/www.firstcorporation.it\/fr\/product\/recuperatore-di-calore-a-doppio-flusso-v-eco100\/\",\"name\":\"Extracteur avec r\u00e9cup\u00e9ration de chaleur V-ECO100 | First Corporation\",\"isPartOf\":{\"@id\":\"https:\/\/www.firstcorporation.it\/#website\"},\"primaryImageOfPage\":{\"@id\":\"https:\/\/www.firstcorporation.it\/fr\/product\/recuperatore-di-calore-a-doppio-flusso-v-eco100\/#primaryimage\"},\"image\":{\"@id\":\"https:\/\/www.firstcorporation.it\/fr\/product\/recuperatore-di-calore-a-doppio-flusso-v-eco100\/#primaryimage\"},\"thumbnailUrl\":\"https:\/\/www.firstcorporation.it\/wp-content\/uploads\/2025\/02\/evo-100.jpg\",\"datePublished\":\"2025-02-05T09:34:35+00:00\",\"dateModified\":\"2025-03-19T08:43:38+00:00\",\"breadcrumb\":{\"@id\":\"https:\/\/www.firstcorporation.it\/fr\/product\/recuperatore-di-calore-a-doppio-flusso-v-eco100\/#breadcrumb\"},\"inLanguage\":\"fr-FR\",\"potentialAction\":[{\"@type\":\"ReadAction\",\"target\":[\"https:\/\/www.firstcorporation.it\/fr\/product\/recuperatore-di-calore-a-doppio-flusso-v-eco100\/\"]}]},{\"@type\":\"ImageObject\",\"inLanguage\":\"fr-FR\",\"@id\":\"https:\/\/www.firstcorporation.it\/fr\/product\/recuperatore-di-calore-a-doppio-flusso-v-eco100\/#primaryimage\",\"url\":\"https:\/\/www.firstcorporation.it\/wp-content\/uploads\/2025\/02\/evo-100.jpg\",\"contentUrl\":\"https:\/\/www.firstcorporation.it\/wp-content\/uploads\/2025\/02\/evo-100.jpg\",\"width\":800,\"height\":719},{\"@type\":\"BreadcrumbList\",\"@id\":\"https:\/\/www.firstcorporation.it\/fr\/product\/recuperatore-di-calore-a-doppio-flusso-v-eco100\/#breadcrumb\",\"itemListElement\":[{\"@type\":\"ListItem\",\"position\":1,\"name\":\"Home\",\"item\":\"https:\/\/www.firstcorporation.it\/\"},{\"@type\":\"ListItem\",\"position\":2,\"name\":\"Products\",\"item\":\"https:\/\/www.firstcorporation.com\/shop\/\"},{\"@type\":\"ListItem\",\"position\":3,\"name\":\"Extracteur avec r\u00e9cup\u00e9ration de chaleur V-ECO100\"}]},{\"@type\":\"WebSite\",\"@id\":\"https:\/\/www.firstcorporation.it\/#website\",\"url\":\"https:\/\/www.firstcorporation.it\/\",\"name\":\"First Corporation\",\"description\":\"Componenti plastici per l&#039;edilizia\",\"publisher\":{\"@id\":\"https:\/\/www.firstcorporation.it\/#organization\"},\"potentialAction\":[{\"@type\":\"SearchAction\",\"target\":{\"@type\":\"EntryPoint\",\"urlTemplate\":\"https:\/\/www.firstcorporation.it\/?s={search_term_string}\"},\"query-input\":\"required name=search_term_string\"}],\"inLanguage\":\"fr-FR\"},{\"@type\":\"Organization\",\"@id\":\"https:\/\/www.firstcorporation.it\/#organization\",\"name\":\"First Corporation\",\"alternateName\":\"First Corporation\",\"url\":\"https:\/\/www.firstcorporation.it\/\",\"logo\":{\"@type\":\"ImageObject\",\"inLanguage\":\"fr-FR\",\"@id\":\"https:\/\/www.firstcorporation.it\/#\/schema\/logo\/image\/\",\"url\":\"https:\/\/www.firstcorporation.it\/wp-content\/uploads\/2023\/11\/Screenshot-2023-11-28-alle-16.41.17.png\",\"contentUrl\":\"https:\/\/www.firstcorporation.it\/wp-content\/uploads\/2023\/11\/Screenshot-2023-11-28-alle-16.41.17.png\",\"width\":69,\"height\":69,\"caption\":\"First Corporation\"},\"image\":{\"@id\":\"https:\/\/www.firstcorporation.it\/#\/schema\/logo\/image\/\"},\"sameAs\":[\"https:\/\/www.facebook.com\/FirstSrl\",\"https:\/\/www.linkedin.com\/company\/first-corporation-s-r-l\",\"https:\/\/www.youtube.com\/channel\/UCi7Ykxn5yVRCz99G8mKVv7g\",\"https:\/\/www.instagram.com\/first_corporation_italy\/?hl=it\"]}]}<\/script>\n<!-- \/ Yoast SEO plugin. -->","yoast_head_json":{"title":"Extracteur avec r\u00e9cup\u00e9ration de chaleur V-ECO100 | First Corporation","robots":{"index":"index","follow":"follow","max-snippet":"max-snippet:-1","max-image-preview":"max-image-preview:large","max-video-preview":"max-video-preview:-1"},"canonical":"https:\/\/www.firstcorporation.it\/fr\/product\/recuperatore-di-calore-a-doppio-flusso-v-eco100\/","og_locale":"fr_FR","og_type":"article","og_title":"Extracteur avec r\u00e9cup\u00e9ration de chaleur V-ECO100 | First Corporation","og_description":"Convient \u00e0 l'installation dans les petites pi\u00e8ces telles que les chambres \u00e0 coucher, les salles de bains, les buanderies, pour assurer l'extraction continue de l'air chaud vici\u00e9 et l'admission de l'air neuf ext\u00e9rieur pr\u00e9chauff\u00e9.","og_url":"https:\/\/www.firstcorporation.it\/fr\/product\/recuperatore-di-calore-a-doppio-flusso-v-eco100\/","og_site_name":"First Corporation","article_publisher":"https:\/\/www.facebook.com\/FirstSrl","article_modified_time":"2025-03-19T08:43:38+00:00","og_image":[{"width":800,"height":719,"url":"https:\/\/www.firstcorporation.it\/wp-content\/uploads\/2025\/02\/evo-100.jpg","type":"image\/jpeg"}],"twitter_card":"summary_large_image","twitter_misc":{"Dur\u00e9e de lecture estim\u00e9e":"2 minutes"},"schema":{"@context":"https:\/\/schema.org","@graph":[{"@type":"WebPage","@id":"https:\/\/www.firstcorporation.it\/fr\/product\/recuperatore-di-calore-a-doppio-flusso-v-eco100\/","url":"https:\/\/www.firstcorporation.it\/fr\/product\/recuperatore-di-calore-a-doppio-flusso-v-eco100\/","name":"Extracteur avec r\u00e9cup\u00e9ration de chaleur V-ECO100 | First Corporation","isPartOf":{"@id":"https:\/\/www.firstcorporation.it\/#website"},"primaryImageOfPage":{"@id":"https:\/\/www.firstcorporation.it\/fr\/product\/recuperatore-di-calore-a-doppio-flusso-v-eco100\/#primaryimage"},"image":{"@id":"https:\/\/www.firstcorporation.it\/fr\/product\/recuperatore-di-calore-a-doppio-flusso-v-eco100\/#primaryimage"},"thumbnailUrl":"https:\/\/www.firstcorporation.it\/wp-content\/uploads\/2025\/02\/evo-100.jpg","datePublished":"2025-02-05T09:34:35+00:00","dateModified":"2025-03-19T08:43:38+00:00","breadcrumb":{"@id":"https:\/\/www.firstcorporation.it\/fr\/product\/recuperatore-di-calore-a-doppio-flusso-v-eco100\/#breadcrumb"},"inLanguage":"fr-FR","potentialAction":[{"@type":"ReadAction","target":["https:\/\/www.firstcorporation.it\/fr\/product\/recuperatore-di-calore-a-doppio-flusso-v-eco100\/"]}]},{"@type":"ImageObject","inLanguage":"fr-FR","@id":"https:\/\/www.firstcorporation.it\/fr\/product\/recuperatore-di-calore-a-doppio-flusso-v-eco100\/#primaryimage","url":"https:\/\/www.firstcorporation.it\/wp-content\/uploads\/2025\/02\/evo-100.jpg","contentUrl":"https:\/\/www.firstcorporation.it\/wp-content\/uploads\/2025\/02\/evo-100.jpg","width":800,"height":719},{"@type":"BreadcrumbList","@id":"https:\/\/www.firstcorporation.it\/fr\/product\/recuperatore-di-calore-a-doppio-flusso-v-eco100\/#breadcrumb","itemListElement":[{"@type":"ListItem","position":1,"name":"Home","item":"https:\/\/www.firstcorporation.it\/"},{"@type":"ListItem","position":2,"name":"Products","item":"https:\/\/www.firstcorporation.com\/shop\/"},{"@type":"ListItem","position":3,"name":"Extracteur avec r\u00e9cup\u00e9ration de chaleur V-ECO100"}]},{"@type":"WebSite","@id":"https:\/\/www.firstcorporation.it\/#website","url":"https:\/\/www.firstcorporation.it\/","name":"First Corporation","description":"Componenti plastici per l&#039;edilizia","publisher":{"@id":"https:\/\/www.firstcorporation.it\/#organization"},"potentialAction":[{"@type":"SearchAction","target":{"@type":"EntryPoint","urlTemplate":"https:\/\/www.firstcorporation.it\/?s={search_term_string}"},"query-input":"required name=search_term_string"}],"inLanguage":"fr-FR"},{"@type":"Organization","@id":"https:\/\/www.firstcorporation.it\/#organization","name":"First Corporation","alternateName":"First Corporation","url":"https:\/\/www.firstcorporation.it\/","logo":{"@type":"ImageObject","inLanguage":"fr-FR","@id":"https:\/\/www.firstcorporation.it\/#\/schema\/logo\/image\/","url":"https:\/\/www.firstcorporation.it\/wp-content\/uploads\/2023\/11\/Screenshot-2023-11-28-alle-16.41.17.png","contentUrl":"https:\/\/www.firstcorporation.it\/wp-content\/uploads\/2023\/11\/Screenshot-2023-11-28-alle-16.41.17.png","width":69,"height":69,"caption":"First Corporation"},"image":{"@id":"https:\/\/www.firstcorporation.it\/#\/schema\/logo\/image\/"},"sameAs":["https:\/\/www.facebook.com\/FirstSrl","https:\/\/www.linkedin.com\/company\/first-corporation-s-r-l","https:\/\/www.youtube.com\/channel\/UCi7Ykxn5yVRCz99G8mKVv7g","https:\/\/www.instagram.com\/first_corporation_italy\/?hl=it"]}]}},"jetpack_sharing_enabled":true,"_links":{"self":[{"href":"https:\/\/www.firstcorporation.it\/fr\/wp-json\/wp\/v2\/product\/58988"}],"collection":[{"href":"https:\/\/www.firstcorporation.it\/fr\/wp-json\/wp\/v2\/product"}],"about":[{"href":"https:\/\/www.firstcorporation.it\/fr\/wp-json\/wp\/v2\/types\/product"}],"wp:featuredmedia":[{"embeddable":true,"href":"https:\/\/www.firstcorporation.it\/fr\/wp-json\/wp\/v2\/media\/58984"}],"wp:attachment":[{"href":"https:\/\/www.firstcorporation.it\/fr\/wp-json\/wp\/v2\/media?parent=58988"}],"wp:term":[{"taxonomy":"product_cat","embeddable":true,"href":"https:\/\/www.firstcorporation.it\/fr\/wp-json\/wp\/v2\/product_cat?post=58988"},{"taxonomy":"product_tag","embeddable":true,"href":"https:\/\/www.firstcorporation.it\/fr\/wp-json\/wp\/v2\/product_tag?post=58988"},{"taxonomy":"collezione","embeddable":true,"href":"https:\/\/www.firstcorporation.it\/fr\/wp-json\/wp\/v2\/collezione?post=58988"}],"curies":[{"name":"wp","href":"https:\/\/api.w.org\/{rel}","templated":true}]}}